{"id":14676,"date":"2020-05-20T12:25:44","date_gmt":"2020-05-20T17:25:44","guid":{"rendered":"https:\/\/critusa.org\/?page_id=14676"},"modified":"2022-09-07T16:23:38","modified_gmt":"2022-09-07T21:23:38","slug":"rehabilitacion-en-casa","status":"publish","type":"page","link":"https:\/\/critusa.org\/es\/rehabilitacion-en-casa\/","title":{"rendered":"Rehabilitaci\u00f3n en casa"},"content":{"rendered":"<div class=\"modulo1 zoomtext offset-bottom\">\n\t<div class=\"grid-container set-relative\">\n\t\t<div class=\"grid-x grid-padding-x\">\n\t\t\t<div class=\"small-12 medium-9 cell \" >\n\t\t\t<img alt=\"Ni\u00f1o se ejercita frente a la computadora, rodeado de legos\"  data-interchange=\"[https:\/\/critusa.org\/wp-content\/uploads\/2020\/05\/movil-pagina-home-exercises.jpg, small], [https:\/\/critusa.org\/wp-content\/uploads\/2020\/05\/desktop-pagina-rehab-en-casa-1.jpg, medium], [https:\/\/critusa.org\/wp-content\/uploads\/2020\/05\/desktop-pagina-rehab-en-casa-1.jpg, large]\">\n\t\t\t<\/div>\n\t\t<\/div>\n\t\t<div class=\"content\">\n\t\t\t<div class=\"grid-x grid-padding-x set-bottom\">\n\t\t\t\t<div class=\"medium-offset-5 medium-7 large-offset-6 large-6 cell\">\n\t\t\t\t\t<div class=\"container-info full-height\">\n\t\t\t\t\t\t<div class=\"info \">\n\t\t\t\t\t\t\t<h2 class=\"size-medium\">Rehabilitaci\u00f3n en casa<\/h2>\n\t\t\t\t\t\t\t<p>Con el af\u00e1n de dar continuidad al compromiso que tenemos con todas nuestras familias, en el CRIT creamos el programa de Rehabilitaci\u00f3n en Casa. Un programa que llega hasta los hogares de nuestros ni\u00f1os y ni\u00f1as, sin que ellos tengan que desplazarse.<\/p>\n\t\t\t\t\t\t<\/div>\n\t\t\t\t\t<\/div>\n\t\t\t\t<\/div>\n\t\t\t<\/div>\n\t\t<\/div>\n\t<\/div>\n<\/div>\n\n\n<section class=\"modulo4 zoomtext\">\n\t<div class=\"grid-container\">\n\t\t<div class=\"grid-x grid-padding-x\" data-equalizer data-equalize-on=\"medium\" id=\"Tele-Medicina\">\n\t\t\t\t\t\t\t<div class=\"medium-6 cell full-height\">\n\t\t\t\t\t<div class=\"modulo4-item\">\n\t\t\t\t\t\t<img decoding=\"async\" src=\"https:\/\/critusa.org\/wp-content\/uploads\/2020\/05\/pagina-rehabilitacionencasa-ocupacional.jpg\" alt=\"Imagen de subt\u00edtulo para p\u00e1gina de Rehabilitaci\u00f3n en casa: Terapia ocupacional\" \/>\n\t\t\t\t\t\t<div class=\"info\" data-equalizer-watch>\n\t\t\t\t\t\t\t<p><strong>Terapia Ocupacional <\/strong><\/p>\n<p>Aqu\u00ed encontrar\u00e1s los ejercicios y las estrategias que te han recomendado tus terapeutas ocupacionales. Pueden incluir: estrategias de integraci\u00f3n sensorial, ejercicios y actividades para la vida diaria, ejercicios de fortalecimiento y de estiramiento, recomendaciones para el trabajo en casa, \u00a1y m\u00e1s!<\/p>\n\t\t\t\t\t\t\t\t\t\t\t\t\t\t<a href=\"https:\/\/critusa.org\/es\/rehabilitacion-en-casa-terapia-ocupacional\/\" title=\"\u00a1Ir a ejercicios!\"\n\t\t\t\t\t\t\t\ttarget=\"_self\" class=\"more-info\">\u00a1Ir a ejercicios!<\/a>\n\t\t\t\t\t\t\t\t\t\t\t\t\t<\/div>\n\t\t\t\t\t<\/div>\n\t\t\t\t<\/div>\n\t\t\t\t\t\t\t<div class=\"medium-6 cell full-height\">\n\t\t\t\t\t<div class=\"modulo4-item\">\n\t\t\t\t\t\t<img decoding=\"async\" src=\"https:\/\/critusa.org\/wp-content\/uploads\/2020\/05\/pagina-rehabilitacionencasa-fisica.jpg\" alt=\"Imagen de subt\u00edtulo para p\u00e1gina de Rehabilitaci\u00f3n en casa: Terapia f\u00edsica\" \/>\n\t\t\t\t\t\t<div class=\"info\" data-equalizer-watch>\n\t\t\t\t\t\t\t<p><strong>Terapia F\u00edsica<\/strong><\/p>\n<p>En esta secci\u00f3n encontrar\u00e1s los ejercicios y las estrategias que te han recomendado tus terapeutas f\u00edsicos. Esto incluye: ejercicios de fortalecimiento y estiramiento, actividades del desarrollo, estrategias para el balance y la coordinaci\u00f3n, ejercicios de respiraci\u00f3n, \u00a1y m\u00e1s!<\/p>\n\t\t\t\t\t\t\t\t\t\t\t\t\t\t<a href=\"https:\/\/critusa.org\/es\/rehabilitacion-en-casa-terapia-fisica\/\" title=\"\u00a1Ir a ejercicios!\"\n\t\t\t\t\t\t\t\ttarget=\"_self\" class=\"more-info\">\u00a1Ir a ejercicios!<\/a>\n\t\t\t\t\t\t\t\t\t\t\t\t\t<\/div>\n\t\t\t\t\t<\/div>\n\t\t\t\t<\/div>\n\t\t\t\t\t\t\t<div class=\"medium-6 cell full-height\">\n\t\t\t\t\t<div class=\"modulo4-item\">\n\t\t\t\t\t\t<img decoding=\"async\" src=\"https:\/\/critusa.org\/wp-content\/uploads\/2020\/05\/pagina-rehabilitacionencasa-lenguaje.jpg\" alt=\"Imagen de subt\u00edtulo para p\u00e1gina de Rehabilitaci\u00f3n en casa: Terapia de lenguaje\" \/>\n\t\t\t\t\t\t<div class=\"info\" data-equalizer-watch>\n\t\t\t\t\t\t\t<p><strong>Terapia de Lenguaje<\/strong><\/p>\n<p>En esta secci\u00f3n encontrar\u00e1s los ejercicios y las estrategias que te han recomendado tus terapeutas de lenguaje. Pueden incluir: ejercicios motrices, recomendaciones para el trabajo en casa, estrategias de alimentaci\u00f3n, estrategias para impulsar el desarrollo del lenguaje, \u00a1y m\u00e1s!<\/p>\n\t\t\t\t\t\t\t\t\t\t\t\t\t\t<a href=\"https:\/\/critusa.org\/es\/rehabilitacion-en-casa-terapia-de-lenguaje\/\" title=\"\u00a1Ir a ejercicios!\"\n\t\t\t\t\t\t\t\ttarget=\"_self\" class=\"more-info\">\u00a1Ir a ejercicios!<\/a>\n\t\t\t\t\t\t\t\t\t\t\t\t\t<\/div>\n\t\t\t\t\t<\/div>\n\t\t\t\t<\/div>\n\t\t\t\t\t\t\t<div class=\"medium-6 cell full-height\">\n\t\t\t\t\t<div class=\"modulo4-item\">\n\t\t\t\t\t\t<img decoding=\"async\" src=\"https:\/\/critusa.org\/wp-content\/uploads\/2020\/06\/AT-01.jpg\" alt=\"Imagen de subt\u00edtulo para p\u00e1gina de Rehabilitaci\u00f3n en casa: Asistencia Tecnol\u00f3gica\" \/>\n\t\t\t\t\t\t<div class=\"info\" data-equalizer-watch>\n\t\t\t\t\t\t\t<p><strong>Asistencia Tecnol\u00f3gica<\/strong><\/p>\n<p><span data-sheets-value=\"{&quot;1&quot;:2,&quot;2&quot;:&quot;Aqu\u00ed encontrar\u00e1s la informaci\u00f3n y las estrategias para utilizar y beneficiarte con la tecnolog\u00eda de rehabilitaci\u00f3n, los dispositivos de asistencia, y el equipo de especialidad. Esta secci\u00f3n puedes encontrar: informaci\u00f3n general sobre equipo asistencial, as\u00ed como recomendaciones para cuidar de \u00e9l, \u00a1y m\u00e1s!&quot;}\" data-sheets-userformat=\"{&quot;2&quot;:897,&quot;3&quot;:{&quot;1&quot;:0},&quot;10&quot;:1,&quot;11&quot;:4,&quot;12&quot;:0}\">En esta secci\u00f3n encontrar\u00e1s la informaci\u00f3n y las estrategias para utilizar y beneficiarte con la tecnolog\u00eda de rehabilitaci\u00f3n, los dispositivos de asistencia, y el equipo de especialidad. Aqu\u00ed encontrar\u00e1s: informaci\u00f3n general sobre equipo asistencial, as\u00ed como recomendaciones para cuidar de \u00e9l, \u00a1y m\u00e1s!<\/span><\/p>\n\t\t\t\t\t\t\t\t\t\t\t\t\t\t<a href=\"https:\/\/critusa.org\/es\/rehabilitacion-en-casa-asistencia-tecnologica\/\" title=\"\u00a1Ir a ejercicios!\"\n\t\t\t\t\t\t\t\ttarget=\"_self\" class=\"more-info\">\u00a1Ir a ejercicios!<\/a>\n\t\t\t\t\t\t\t\t\t\t\t\t\t<\/div>\n\t\t\t\t\t<\/div>\n\t\t\t\t<\/div>\n\t\t\t\t\t<\/div>\n\t<\/div>\n<\/section>\n","protected":false},"excerpt":{"rendered":"<p>El programa de Rehabilitaci\u00f3n en casa llega hasta los hogares de nuestros ni\u00f1os y ni\u00f1as, sin que ellos tengan que desplazarse.<\/p>\n","protected":false},"author":5,"featured_media":0,"parent":0,"menu_order":0,"comment_status":"closed","ping_status":"closed","template":"page-templates\/interna.php","meta":{"pgc_sgb_lightbox_settings":"","footnotes":""},"yst_prominent_words":[],"acf":[],"_links":{"self":[{"href":"https:\/\/critusa.org\/es\/wp-json\/wp\/v2\/pages\/14676"}],"collection":[{"href":"https:\/\/critusa.org\/es\/wp-json\/wp\/v2\/pages"}],"about":[{"href":"https:\/\/critusa.org\/es\/wp-json\/wp\/v2\/types\/page"}],"author":[{"embeddable":true,"href":"https:\/\/critusa.org\/es\/wp-json\/wp\/v2\/users\/5"}],"replies":[{"embeddable":true,"href":"https:\/\/critusa.org\/es\/wp-json\/wp\/v2\/comments?post=14676"}],"version-history":[{"count":68,"href":"https:\/\/critusa.org\/es\/wp-json\/wp\/v2\/pages\/14676\/revisions"}],"predecessor-version":[{"id":19074,"href":"https:\/\/critusa.org\/es\/wp-json\/wp\/v2\/pages\/14676\/revisions\/19074"}],"wp:attachment":[{"href":"https:\/\/critusa.org\/es\/wp-json\/wp\/v2\/media?parent=14676"}],"wp:term":[{"taxonomy":"yst_prominent_words","embeddable":true,"href":"https:\/\/critusa.org\/es\/wp-json\/wp\/v2\/yst_prominent_words?post=14676"}],"curies":[{"name":"wp","href":"https:\/\/api.w.org\/{rel}","templated":true}]}}