{"id":15,"date":"2019-08-26T17:17:08","date_gmt":"2019-08-26T17:17:08","guid":{"rendered":"https:\/\/teleton.org\/?page_id=15"},"modified":"2023-06-09T19:21:18","modified_gmt":"2023-06-10T01:21:18","slug":"centro-de-rehabilitacion-infantil-teletonusa-crit","status":"publish","type":"page","link":"https:\/\/critusa.org\/es\/","title":{"rendered":"Centro de Rehabilitaci\u00f3n Infantil TeletonUSA (CRIT)"},"content":{"rendered":"\n<p>CRIT celebra la dignidad de todas las personas, atendiendo a ni\u00f1os con discapacidades neurol\u00f3gicas, musculares y esquel\u00e9ticas, y a sus familias.<\/p>\n\n\n\n<p>Fundaci\u00f3n TeletonUSA se estableci\u00f3 para recaudar fondos para la construcci\u00f3n y la operaci\u00f3n del Centro de Rehabilitaci\u00f3n Infantil TeletonUSA (CRIT).<\/p>\n","protected":false},"excerpt":{"rendered":"<p>El Centro de Rehabilitaci\u00f3n Infantil TeletonUSA (CRIT), es una organizaci\u00f3n sin fines de lucro 501 (c) (3) que ofrece servicios de rehabilitaci\u00f3n integrales para ni\u00f1os y ni\u00f1as con discapacidad neurol\u00f3gica, muscular y esquel\u00e9tica.<\/p>\n","protected":false},"author":5,"featured_media":0,"parent":0,"menu_order":0,"comment_status":"closed","ping_status":"closed","template":"page-templates\/HomePage.php","meta":{"pgc_sgb_lightbox_settings":"","footnotes":""},"yst_prominent_words":[1097,15,117,58,1005],"acf":[],"_links":{"self":[{"href":"https:\/\/critusa.org\/es\/wp-json\/wp\/v2\/pages\/15"}],"collection":[{"href":"https:\/\/critusa.org\/es\/wp-json\/wp\/v2\/pages"}],"about":[{"href":"https:\/\/critusa.org\/es\/wp-json\/wp\/v2\/types\/page"}],"author":[{"embeddable":true,"href":"https:\/\/critusa.org\/es\/wp-json\/wp\/v2\/users\/5"}],"replies":[{"embeddable":true,"href":"https:\/\/critusa.org\/es\/wp-json\/wp\/v2\/comments?post=15"}],"version-history":[{"count":11,"href":"https:\/\/critusa.org\/es\/wp-json\/wp\/v2\/pages\/15\/revisions"}],"predecessor-version":[{"id":20746,"href":"https:\/\/critusa.org\/es\/wp-json\/wp\/v2\/pages\/15\/revisions\/20746"}],"wp:attachment":[{"href":"https:\/\/critusa.org\/es\/wp-json\/wp\/v2\/media?parent=15"}],"wp:term":[{"taxonomy":"yst_prominent_words","embeddable":true,"href":"https:\/\/critusa.org\/es\/wp-json\/wp\/v2\/yst_prominent_words?post=15"}],"curies":[{"name":"wp","href":"https:\/\/api.w.org\/{rel}","templated":true}]}}