{"id":16199,"date":"2021-06-08T18:25:06","date_gmt":"2021-06-08T23:25:06","guid":{"rendered":"https:\/\/critusa.org\/gallery-index\/"},"modified":"2021-07-06T17:36:11","modified_gmt":"2021-07-06T22:36:11","slug":"recursos-multimedia","status":"publish","type":"page","link":"https:\/\/critusa.org\/es\/recursos-multimedia\/","title":{"rendered":"Recursos multimedia"},"content":{"rendered":"<div class=\"modulo1 zoomtext offset-bottom\">\n\t<div class=\"grid-container set-relative\">\n\t\t<div class=\"grid-x grid-padding-x\">\n\t\t\t<div class=\"small-12 medium-9 cell \" >\n\t\t\t<img alt=\"Descripci\u00f3n de la imagen\"  data-interchange=\"[https:\/\/critusa.org\/wp-content\/uploads\/2020\/05\/movil-pagina-home-exercises.jpg, small], [https:\/\/critusa.org\/wp-content\/uploads\/2020\/05\/desktop-pagina-rehab-en-casa-1.jpg, medium], [https:\/\/critusa.org\/wp-content\/uploads\/2020\/05\/desktop-pagina-rehab-en-casa-1.jpg, large]\">\n\t\t\t<\/div>\n\t\t<\/div>\n\t\t<div class=\"content\">\n\t\t\t<div class=\"grid-x grid-padding-x set-bottom\">\n\t\t\t\t<div class=\"medium-offset-5 medium-7 large-offset-6 large-6 cell\">\n\t\t\t\t\t<div class=\"container-info full-height\">\n\t\t\t\t\t\t<div class=\"info \">\n\t\t\t\t\t\t\t<h2 class=\"size-medium\">RECURSOS  MULTIMEDIA<span class=\"sub\">Nos encanta nuestra marca. Por favor, tr\u00e1tela con cuidado.<\/span><\/h2>\n\t\t\t\t\t\t\t<p>En esta secci\u00f3n encontrar\u00e1s fotograf\u00edas, videos e infograf\u00edas de TeletonUSA. Todos estos est\u00e1n disponibles para su uso en tus iniciativas de Alcanc\u00eda Digital o en tus redes sociales para apoyar a la fundaci\u00f3n. Nos encanta nuestra marca y, si est\u00e1s aqu\u00ed, creemos que a ti tambi\u00e9n. Por eso, te pedimos que respetes los materiales que te compartimos en esta secci\u00f3n. <br \/>\r\n<br \/>\r\nSi tienes dudas sobre el uso de estos materiales, env\u00eda un correo a <a href=\"mailto: contactus@critusa.org. \"> contactus@critusa.org. <\/a><br \/>\r\n<\/p>\n\t\t\t\t\t\t<\/div>\n\t\t\t\t\t<\/div>\n\t\t\t\t<\/div>\n\t\t\t<\/div>\n\t\t<\/div>\n\t<\/div>\n<\/div>\n\n\n<div class=\"modulo6 color0 zoomtext \">\n\t<div class=\"grid-container set-relative\">\n\t\t<div class=\"grid-x grid-padding-x\">\n\t\t\t<div class=\"small-12 medium-4 cell\">\n\t\t\t\t<h3>FOTOGRAF\u00cdAS<\/h3>\n\t\t\t<\/div>\n\t\t\t<div class=\"small-12 medium-8 cell\">\n\t\t\t\t<p class=\"p1\"><span class=\"s1\"><b>\u00bfQu\u00e9 es lo que puedes encontrar aqu\u00ed?<\/b><\/span><\/p>\n<p class=\"p1\"><span class=\"s1\">Aqu\u00ed encontrar\u00e1s fotograf\u00edas de diferentes tama\u00f1os, y libres para su uso en tus publicaciones de redes sociales o de Alcanc\u00eda Digital.<\/span><\/p>\n<p class=\"p1\"><span class=\"s1\"><b>Algunos ejemplos:<\/b><\/span><\/p>\n<p><img loading=\"lazy\" decoding=\"async\" class=\"alignnone size-full wp-image-16163\" src=\"https:\/\/critusa.org\/wp-content\/uploads\/2021\/06\/img_tira_fotos.png\" alt=\"\" width=\"640\" height=\"96\" srcset=\"https:\/\/critusa.org\/wp-content\/uploads\/2021\/06\/img_tira_fotos.png 640w, https:\/\/critusa.org\/wp-content\/uploads\/2021\/06\/img_tira_fotos-300x45.png 300w\" sizes=\"(max-width: 640px) 100vw, 640px\" \/><\/p>\n\t\t\t\t\t\t\t\t\t<div class=\"link\">\n\t\t\t\t\t\t<a href=\"https:\/\/critusa.org\/galeria-de-fotos\/\" title=\"Ver fotograf\u00edas\" target=\"_self\" >Ver fotograf\u00edas<span><\/span><\/a>\n\t\t\t\t\t<\/div>\n\t\t\t\t\t\t\t<\/div>\n\t\t<\/div>\n\t<\/div>\n<\/div>\n\n\n<div class=\"modulo6 color1 zoomtext \">\n\t<div class=\"grid-container set-relative\">\n\t\t<div class=\"grid-x grid-padding-x\">\n\t\t\t<div class=\"small-12 medium-4 cell\">\n\t\t\t\t<h3>VIDEOS<\/h3>\n\t\t\t<\/div>\n\t\t\t<div class=\"small-12 medium-8 cell\">\n\t\t\t\t<p class=\"p1\"><span class=\"s1\"><b>\u00bfQu\u00e9 es lo que puedes encontrar aqu\u00ed?<\/b><\/span><\/p>\n<p class=\"p1\"><span class=\"s1\">Aqu\u00ed encontrar\u00e1s videos de diferentes tama\u00f1os, y libres para su uso en tus publicaciones de redes sociales o de Alcanc\u00eda Digital.<\/span><\/p>\n<p class=\"p1\"><span class=\"s1\"><b>Algunos ejemplos:<\/b><\/span><\/p>\n<p><img loading=\"lazy\" decoding=\"async\" class=\"alignnone size-full wp-image-16165\" src=\"https:\/\/critusa.org\/wp-content\/uploads\/2021\/06\/img_tira_videos.png\" alt=\"\" width=\"640\" height=\"96\" srcset=\"https:\/\/critusa.org\/wp-content\/uploads\/2021\/06\/img_tira_videos.png 640w, https:\/\/critusa.org\/wp-content\/uploads\/2021\/06\/img_tira_videos-300x45.png 300w\" sizes=\"(max-width: 640px) 100vw, 640px\" \/><\/p>\n\t\t\t\t\t\t\t\t\t<div class=\"link\">\n\t\t\t\t\t\t<a href=\"https:\/\/critusa.org\/galeria-de-videos\/\" title=\"Ver videos\" target=\"_self\" >Ver videos<span><\/span><\/a>\n\t\t\t\t\t<\/div>\n\t\t\t\t\t\t\t<\/div>\n\t\t<\/div>\n\t<\/div>\n<\/div>\n\n\n<div class=\"modulo6 color0 zoomtext \">\n\t<div class=\"grid-container set-relative\">\n\t\t<div class=\"grid-x grid-padding-x\">\n\t\t\t<div class=\"small-12 medium-4 cell\">\n\t\t\t\t<h3>INFOGRAF\u00cdAS<\/h3>\n\t\t\t<\/div>\n\t\t\t<div class=\"small-12 medium-8 cell\">\n\t\t\t\t<p class=\"p1\"><span class=\"s1\"><b>\u00bfQu\u00e9 es lo que puedes encontrar aqu\u00ed?<\/b><\/span><\/p>\n<p class=\"p1\"><span class=\"s1\">Aqu\u00ed encontrar\u00e1s infograf\u00edas y datos duros, libres para su uso en tus publicaciones de redes sociales o de Alcanc\u00eda Digital.<\/span><\/p>\n<p class=\"p1\"><span class=\"s1\"><b>Algunos ejemplos:<\/b><\/span><\/p>\n<p><img loading=\"lazy\" decoding=\"async\" class=\"alignnone size-full wp-image-16167\" src=\"https:\/\/critusa.org\/wp-content\/uploads\/2021\/06\/img_tira_info.png\" alt=\"\" width=\"482\" height=\"98\" srcset=\"https:\/\/critusa.org\/wp-content\/uploads\/2021\/06\/img_tira_info.png 482w, https:\/\/critusa.org\/wp-content\/uploads\/2021\/06\/img_tira_info-300x61.png 300w\" sizes=\"(max-width: 482px) 100vw, 482px\" \/><\/p>\n\t\t\t\t\t\t\t\t\t<div class=\"link\">\n\t\t\t\t\t\t<a href=\"https:\/\/critusa.org\/galeria-de-infografias\/\" title=\"Ver infograf\u00edas\" target=\"_self\" >Ver infograf\u00edas<span><\/span><\/a>\n\t\t\t\t\t<\/div>\n\t\t\t\t\t\t\t<\/div>\n\t\t<\/div>\n\t<\/div>\n<\/div>\n\n\n\n<p><\/p>\n","protected":false},"excerpt":{"rendered":"","protected":false},"author":5,"featured_media":0,"parent":0,"menu_order":0,"comment_status":"closed","ping_status":"closed","template":"page-templates\/Indice-galeria.php","meta":{"pgc_sgb_lightbox_settings":"","footnotes":""},"yst_prominent_words":[],"acf":[],"_links":{"self":[{"href":"https:\/\/critusa.org\/es\/wp-json\/wp\/v2\/pages\/16199"}],"collection":[{"href":"https:\/\/critusa.org\/es\/wp-json\/wp\/v2\/pages"}],"about":[{"href":"https:\/\/critusa.org\/es\/wp-json\/wp\/v2\/types\/page"}],"author":[{"embeddable":true,"href":"https:\/\/critusa.org\/es\/wp-json\/wp\/v2\/users\/5"}],"replies":[{"embeddable":true,"href":"https:\/\/critusa.org\/es\/wp-json\/wp\/v2\/comments?post=16199"}],"version-history":[{"count":16,"href":"https:\/\/critusa.org\/es\/wp-json\/wp\/v2\/pages\/16199\/revisions"}],"predecessor-version":[{"id":16724,"href":"https:\/\/critusa.org\/es\/wp-json\/wp\/v2\/pages\/16199\/revisions\/16724"}],"wp:attachment":[{"href":"https:\/\/critusa.org\/es\/wp-json\/wp\/v2\/media?parent=16199"}],"wp:term":[{"taxonomy":"yst_prominent_words","embeddable":true,"href":"https:\/\/critusa.org\/es\/wp-json\/wp\/v2\/yst_prominent_words?post=16199"}],"curies":[{"name":"wp","href":"https:\/\/api.w.org\/{rel}","templated":true}]}}