{"id":16310,"date":"2021-06-16T12:28:27","date_gmt":"2021-06-16T17:28:27","guid":{"rendered":"https:\/\/critusa.org\/?page_id=16310"},"modified":"2022-05-26T15:13:58","modified_gmt":"2022-05-26T20:13:58","slug":"paycor","status":"publish","type":"page","link":"https:\/\/critusa.org\/es\/paycor\/","title":{"rendered":"PAYCOR"},"content":{"rendered":"<div class=\"modulo1 zoomtext offset-bottom\">\n\t<div class=\"grid-container set-relative\">\n\t\t<div class=\"grid-x grid-padding-x\">\n\t\t\t<div class=\"small-12 medium-9 cell \" >\n\t\t\t<img alt=\"Ni\u00f1a y terapeuta\"  data-interchange=\"[https:\/\/critusa.org\/wp-content\/uploads\/2022\/04\/teleton-375x230-1.jpeg, small], [https:\/\/critusa.org\/wp-content\/uploads\/2022\/04\/teleton-832x512-1.jpeg, medium], [https:\/\/critusa.org\/wp-content\/uploads\/2022\/04\/teleton-832x512-1.jpeg, large]\">\n\t\t\t<\/div>\n\t\t<\/div>\n\t\t<div class=\"content\">\n\t\t\t<div class=\"grid-x grid-padding-x set-bottom\">\n\t\t\t\t<div class=\"medium-offset-5 medium-7 large-offset-6 large-6 cell\">\n\t\t\t\t\t<div class=\"container-info full-height\">\n\t\t\t\t\t\t<div class=\"info \">\n\t\t\t\t\t\t\t<h2 class=\"size-medium\">Empleos<\/h2>\n\t\t\t\t\t\t\t<p>\u00a1\u00danete a nuestro equipo y s\u00e9 parte de algo grandioso!<br \/>\r\n<br \/>\r\nEn Fundaci\u00f3n TeletonUSA, buscamos personas apasionadas y comprometidas con forjar una cultura de justicia, derechos e inclusi\u00f3n para crear un mundo m\u00e1s accesible para todos los ni\u00f1os y ni\u00f1as con discapacidad.<br \/>\r\n<br \/>\r\nConsulta nuestras vacantes disponibles a continuaci\u00f3n:<\/p>\n\t\t\t\t\t\t<\/div>\n\t\t\t\t\t<\/div>\n\t\t\t\t<\/div>\n\t\t\t<\/div>\n\t\t<\/div>\n\t<\/div>\n<\/div>\n\n\n\n<script id=\"gnewtonjs\" type=\"text\/javascript\" src=\"\/\/recruitingbypaycor.com\/career\/iframe.action?clientId=8a7883d0798f66af017a121b09113691\"><\/script>\n","protected":false},"excerpt":{"rendered":"","protected":false},"author":5,"featured_media":0,"parent":0,"menu_order":0,"comment_status":"closed","ping_status":"closed","template":"page-templates\/interna.php","meta":{"pgc_sgb_lightbox_settings":"","footnotes":""},"yst_prominent_words":[],"acf":[],"_links":{"self":[{"href":"https:\/\/critusa.org\/es\/wp-json\/wp\/v2\/pages\/16310"}],"collection":[{"href":"https:\/\/critusa.org\/es\/wp-json\/wp\/v2\/pages"}],"about":[{"href":"https:\/\/critusa.org\/es\/wp-json\/wp\/v2\/types\/page"}],"author":[{"embeddable":true,"href":"https:\/\/critusa.org\/es\/wp-json\/wp\/v2\/users\/5"}],"replies":[{"embeddable":true,"href":"https:\/\/critusa.org\/es\/wp-json\/wp\/v2\/comments?post=16310"}],"version-history":[{"count":8,"href":"https:\/\/critusa.org\/es\/wp-json\/wp\/v2\/pages\/16310\/revisions"}],"predecessor-version":[{"id":18030,"href":"https:\/\/critusa.org\/es\/wp-json\/wp\/v2\/pages\/16310\/revisions\/18030"}],"wp:attachment":[{"href":"https:\/\/critusa.org\/es\/wp-json\/wp\/v2\/media?parent=16310"}],"wp:term":[{"taxonomy":"yst_prominent_words","embeddable":true,"href":"https:\/\/critusa.org\/es\/wp-json\/wp\/v2\/yst_prominent_words?post=16310"}],"curies":[{"name":"wp","href":"https:\/\/api.w.org\/{rel}","templated":true}]}}