{"id":16704,"date":"2021-07-01T17:25:14","date_gmt":"2021-07-01T22:25:14","guid":{"rendered":"https:\/\/critusa.org\/?page_id=16704"},"modified":"2021-07-07T09:09:28","modified_gmt":"2021-07-07T14:09:28","slug":"acuerdo-de-uso","status":"publish","type":"page","link":"https:\/\/critusa.org\/es\/acuerdo-de-uso\/","title":{"rendered":"Acuerdo de\u00a0Uso"},"content":{"rendered":"<section class=\"modulo5 zoomtext\">\n\t<div class=\"grid-container\">\n\t\t\t<div class=\"grid-x grid-padding-x\">\n\t\t\t\t<div class=\"medium-offset-1 medium-10 large-offset-2 large-7 cell\">\n\t\t\t\t<h3>Acuerdo de\u00a0Uso<span class=\"sub\">de la Fundaci\u00f3n Teleton USA y CRIT USA<\/span><\/h3>\t\t\t\t<div class=\"info\">\n\t\t\t\t\t\t<p class=\"p1\"><span class=\"s1\"><i>El uso de este sitio web (\u00abSitio web\u00bb) y los materiales publicados o puestos a disposici\u00f3n en este sitio web (\u00abMateriales\u201d) est\u00e1n sujetos a los siguientes t\u00e9rminos y condiciones (\u00bb T\u00e9rminos\u00bb). Al usar el Sitio web y sus Materiales est\u00e1 aceptando estos T\u00e9rminos.<\/i><\/span><\/p>\n<p class=\"p1\"><span class=\"s1\"><i>El\u00a0Sitio web y los\u00a0Materiales son propiedad de Fundaci\u00f3n Teleton USA y CRIT USA (\u00abPropietarios\u00bb) o sus respectivos licenciantes. El\u00a0Sitio web y los\u00a0Materiales est\u00e1n protegidos por leyes y tratados de derechos de autor nacionales e internacionales. No se otorgan derechos o licencias distintos a los expresamente establecidos en este documento con respecto al\u00a0Sitio web y los\u00a0Materiales.<\/i><\/span><\/p>\n<p class=\"p1\"><span class=\"s1\"><i>Al descargar cualquiera de los\u00a0Materiales\u00a0(incluyendo im\u00e1genes, videos e infograf\u00edas) del Sitio\u00a0web, usted acepta usarlos \u00fanicamente para promover la misi\u00f3n de Fundaci\u00f3n Teleton\u00a0USA o para alentar donaciones al respecto, en todos los casos de acuerdo con la ley aplicable.<\/i><\/span><\/p>\n<p class=\"p1\"><span class=\"s1\"><i>Est\u00e1 expresamente prohibido el uso del\u00a0Sitio web o cualquiera de los\u00a0Materiales\u00a0para su incorporaci\u00f3n en otros trabajos, creaci\u00f3n de trabajos derivados, reventa, redistribuci\u00f3n, razones pol\u00edticas, obscenas o inmorales o que de otra manera viole los derechos de cualquier persona retratada o identificada en el\u00a0Sitio web o en los\u00a0Materiales (o contra cualquiera de los\u00a0Propietarios).<\/i><\/span><\/p>\n<p class=\"p1\"><span class=\"s1\"><i>Usted acepta dejar de usar y eliminar cualquiera de los Materiales descargados por usted seg\u00fan las instrucciones de cualquiera de los Propietarios en cualquier momento.<\/i><\/span><\/p>\n<p class=\"p1\"><span class=\"s1\"><i>Los\u00a0Propietarios se reservan el derecho de cambiar este Acuerdo de\u00a0Uso en cualquier momento.<\/i><\/span><\/p>\n<p class=\"p1\"><span class=\"s1\"><i>Este Acuerdo de\u00a0Uso se rige por las leyes del estado de Texas.<\/i><\/span><\/p>\n\t\t\t\t\t<\/div>\n\t\t\t<\/div>\n\t<\/div>\n<\/section>\n","protected":false},"excerpt":{"rendered":"","protected":false},"author":5,"featured_media":0,"parent":0,"menu_order":0,"comment_status":"closed","ping_status":"closed","template":"page-templates\/interna.php","meta":{"pgc_sgb_lightbox_settings":"","footnotes":""},"yst_prominent_words":[],"acf":[],"_links":{"self":[{"href":"https:\/\/critusa.org\/es\/wp-json\/wp\/v2\/pages\/16704"}],"collection":[{"href":"https:\/\/critusa.org\/es\/wp-json\/wp\/v2\/pages"}],"about":[{"href":"https:\/\/critusa.org\/es\/wp-json\/wp\/v2\/types\/page"}],"author":[{"embeddable":true,"href":"https:\/\/critusa.org\/es\/wp-json\/wp\/v2\/users\/5"}],"replies":[{"embeddable":true,"href":"https:\/\/critusa.org\/es\/wp-json\/wp\/v2\/comments?post=16704"}],"version-history":[{"count":6,"href":"https:\/\/critusa.org\/es\/wp-json\/wp\/v2\/pages\/16704\/revisions"}],"predecessor-version":[{"id":16726,"href":"https:\/\/critusa.org\/es\/wp-json\/wp\/v2\/pages\/16704\/revisions\/16726"}],"wp:attachment":[{"href":"https:\/\/critusa.org\/es\/wp-json\/wp\/v2\/media?parent=16704"}],"wp:term":[{"taxonomy":"yst_prominent_words","embeddable":true,"href":"https:\/\/critusa.org\/es\/wp-json\/wp\/v2\/yst_prominent_words?post=16704"}],"curies":[{"name":"wp","href":"https:\/\/api.w.org\/{rel}","templated":true}]}}