{"id":18143,"date":"2022-06-17T11:48:05","date_gmt":"2022-06-17T16:48:05","guid":{"rendered":"https:\/\/critusa.org\/?page_id=18143"},"modified":"2022-06-17T11:48:06","modified_gmt":"2022-06-17T16:48:06","slug":"podcast","status":"publish","type":"page","link":"https:\/\/critusa.org\/es\/podcast\/","title":{"rendered":"Podcast"},"content":{"rendered":"<div class=\"modulo1 zoomtext offset-bottom\">\n\t<div class=\"grid-container set-relative\">\n\t\t<div class=\"grid-x grid-padding-x\">\n\t\t\t<div class=\"small-12 medium-9 cell \" >\n\t\t\t<img alt=\"Ni\u00f1o con su familia y cantante en el escenario del evento TeletonUSA\"  data-interchange=\"[https:\/\/critusa.org\/wp-content\/uploads\/2022\/06\/podcast_redo-01.jpg, small], [https:\/\/critusa.org\/wp-content\/uploads\/2022\/06\/Untitled-12-02-1.jpg, medium], [https:\/\/critusa.org\/wp-content\/uploads\/2022\/06\/Untitled-12-02-1.jpg, large]\">\n\t\t\t<\/div>\n\t\t<\/div>\n\t\t<div class=\"content\">\n\t\t\t<div class=\"grid-x grid-padding-x set-bottom\">\n\t\t\t\t<div class=\"medium-offset-5 medium-7 large-offset-6 large-6 cell\">\n\t\t\t\t\t<div class=\"container-info full-height\">\n\t\t\t\t\t\t<div class=\"info \">\n\t\t\t\t\t\t\t<h2 class=\"size-medium\">Podcast<\/h2>\n\t\t\t\t\t\t\t<p>A medida en que hemos ido creciendo y brindando servicios a m\u00e1s familias y ni\u00f1os, nuestra atenci\u00f3n contin\u00faa adapt\u00e1ndose, utilizando tecnolog\u00eda innovadora para brindar servicios de rehabilitaci\u00f3n a nuestros pacientes.<br \/>\r\n<br \/>\r\nEl objetivo de nuestro podcast es brindar a las familias y a la comunidad de terapia pedi\u00e1trica conocimiento y educaci\u00f3n a distancia. Queremos compartir informaci\u00f3n sobre el mundo de la rehabilitaci\u00f3n pedi\u00e1trica y construir un mundo m\u00e1s inclusivo para los ni\u00f1os con discapacidad, al compartir experiencias de nuestros pacientes y sus familias.<br \/>\r\n<\/p>\n\t\t\t\t\t\t<\/div>\n\t\t\t\t\t<\/div>\n\t\t\t\t<\/div>\n\t\t\t<\/div>\n\t\t<\/div>\n\t<\/div>\n<\/div>\n\n\n<section class=\"modulo4 zoomtext\">\n\t<div class=\"grid-container\">\n\t\t<div class=\"grid-x grid-padding-x\" data-equalizer data-equalize-on=\"medium\" id=\"eventos\">\n\t\t\t\t\t\t\t<div class=\"medium-6 cell full-height\">\n\t\t\t\t\t<div class=\"modulo4-item\">\n\t\t\t\t\t\t<img decoding=\"async\" src=\"https:\/\/critusa.org\/wp-content\/uploads\/2022\/06\/544x192_morado.jpg\" alt=\"\" \/>\n\t\t\t\t\t\t<div class=\"info\" data-equalizer-watch>\n\t\t\t\t\t\t\t<p><strong>The Re-Eval, por el CRIT: Temporada 1<\/strong><\/p>\n<p>Grabado y producido en 2021.<\/p>\n\t\t\t\t\t\t\t\t\t\t\t\t\t\t<a href=\"https:\/\/critusa.org\/es\/the-re-eval-por-el-crit-temporada-1\/\" title=\"\u00a1Escucha aqu\u00ed!\"\n\t\t\t\t\t\t\t\ttarget=\"_self\" class=\"more-info\">\u00a1Escucha aqu\u00ed!<\/a>\n\t\t\t\t\t\t\t\t\t\t\t\t\t<\/div>\n\t\t\t\t\t<\/div>\n\t\t\t\t<\/div>\n\t\t\t\t\t\t\t<div class=\"medium-6 cell full-height\">\n\t\t\t\t\t<div class=\"modulo4-item\">\n\t\t\t\t\t\t<img decoding=\"async\" src=\"https:\/\/critusa.org\/wp-content\/uploads\/2022\/06\/544x192_amarillo.jpg\" alt=\"\" \/>\n\t\t\t\t\t\t<div class=\"info\" data-equalizer-watch>\n\t\t\t\t\t\t\t<p><strong>The Re-Eval, por el CRIT: Temporada 2<\/strong><\/p>\n<p>Grabado y producido en 2022.<\/p>\n\t\t\t\t\t\t\t\t\t\t\t\t\t\t<a href=\"https:\/\/critusa.org\/es\/the-re-eval-por-el-crit-temporada-2\/\" title=\"\u00a1Escucha aqu\u00ed!\"\n\t\t\t\t\t\t\t\ttarget=\"_self\" class=\"more-info\">\u00a1Escucha aqu\u00ed!<\/a>\n\t\t\t\t\t\t\t\t\t\t\t\t\t<\/div>\n\t\t\t\t\t<\/div>\n\t\t\t\t<\/div>\n\t\t\t\t\t<\/div>\n\t<\/div>\n<\/section>\n\n\n\n<p><\/p>\n","protected":false},"excerpt":{"rendered":"","protected":false},"author":5,"featured_media":0,"parent":0,"menu_order":0,"comment_status":"closed","ping_status":"closed","template":"page-templates\/interna.php","meta":{"pgc_sgb_lightbox_settings":"","footnotes":""},"yst_prominent_words":[],"acf":[],"_links":{"self":[{"href":"https:\/\/critusa.org\/es\/wp-json\/wp\/v2\/pages\/18143"}],"collection":[{"href":"https:\/\/critusa.org\/es\/wp-json\/wp\/v2\/pages"}],"about":[{"href":"https:\/\/critusa.org\/es\/wp-json\/wp\/v2\/types\/page"}],"author":[{"embeddable":true,"href":"https:\/\/critusa.org\/es\/wp-json\/wp\/v2\/users\/5"}],"replies":[{"embeddable":true,"href":"https:\/\/critusa.org\/es\/wp-json\/wp\/v2\/comments?post=18143"}],"version-history":[{"count":6,"href":"https:\/\/critusa.org\/es\/wp-json\/wp\/v2\/pages\/18143\/revisions"}],"predecessor-version":[{"id":18187,"href":"https:\/\/critusa.org\/es\/wp-json\/wp\/v2\/pages\/18143\/revisions\/18187"}],"wp:attachment":[{"href":"https:\/\/critusa.org\/es\/wp-json\/wp\/v2\/media?parent=18143"}],"wp:term":[{"taxonomy":"yst_prominent_words","embeddable":true,"href":"https:\/\/critusa.org\/es\/wp-json\/wp\/v2\/yst_prominent_words?post=18143"}],"curies":[{"name":"wp","href":"https:\/\/api.w.org\/{rel}","templated":true}]}}