{"id":19012,"date":"2022-08-24T14:35:46","date_gmt":"2022-08-24T19:35:46","guid":{"rendered":"https:\/\/critusa.org\/?page_id=19012"},"modified":"2022-10-13T14:13:10","modified_gmt":"2022-10-13T19:13:10","slug":"spina-bifida-lp-esp","status":"publish","type":"page","link":"https:\/\/critusa.org\/es\/spina-bifida-lp-esp\/","title":{"rendered":"Spina Bifida (LP-ESP)"},"content":{"rendered":"<div class=\"modulo7 zoomtext offset-bottom\">\n\t<div class=\"grid-container\">\n\t\t<div class=\"grid-x align-middle\">\n\t\t\t<div class=\"small-12 medium-12 large-6 cell large-offset-0\">\n\t\t\t\t\t\t\t\t<a href=\"https:\/\/critusa.org\/es\/donar\/#sponsors\" target=\"_self\"><img alt=\"\" data-interchange=\"[https:\/\/critusa.org\/wp-content\/uploads\/2022\/10\/Landing_Pages_Template-01.png, small], [https:\/\/critusa.org\/wp-content\/uploads\/2022\/10\/Landing_Pages_Template-02.png, medium], [https:\/\/critusa.org\/wp-content\/uploads\/2022\/10\/Landing_Pages_Template-03.png, large]\"><\/a>\n\t\t\t\t            <\/div>\n            <div class=\"small-offset-0 large-offset-1 small-12 medium-offset-3 medium-6 large-4 cell\">\n\t\t\t\t<div class=\"content\">\n\t\t\t\t<h2>Dales la oportunidad a ni\u00f1os como Estefany<\/h2>\t\t\t\t<h3>de vivir una vida mejor.<\/h3>\t\t\t\t<p>El CRIT ofrece servicios de rehabilitaci\u00f3n a <strong>ni\u00f1os y adolescentes con espina b\u00edfida<\/strong>\u00a0de 0 a 18 a\u00f1os, as\u00ed como a sus familias.<\/p>\n\t\t\t\t\t\t\t\t\t<a class=\"gobutton color1\" href=\"https:\/\/critusa.org\/donar\/#one\" target=\"_self\">DONATIVO \u00daNICO<\/a>\n\t\t\t\t\t\t\t\t\t\t\t\t\t<a class=\"gobutton color2\" href=\"https:\/\/critusa.org\/donar\/#sponsors\" target=\"_self\">DONATIVO MENSUAL<\/a>\n\t\t\t\t\t\t\t\t<\/div>\n             <\/div>\n\t\t<\/div>\n\t<\/div>\n<\/div>\n\n\n\t<div class=\"modulo7 zoomtext right offset-bottom\">\n\t<div class=\"grid-container\">\n\t\t<div class=\"grid-x align-middle\">\n            <div class=\"small-offset-2 large-offset-0 small-9 medium-offset-3 medium-7 large-5 cell small-order-2 large-order-2\">\n\t\t\t\t<div class=\"content\">\n\t\t\t\t\t\t\t\t\t\t\t\t<p><span class=\"markovz9ea8pt\" data-markjs=\"true\" data-ogac=\"\" data-ogab=\"\" data-ogsc=\"\" data-ogsb=\"\">Estefany<\/span>\u00a0naci\u00f3 con tres condiciones que desaf\u00edan su independencia todos los d\u00edas: <strong>espina b\u00edfida, hidrocefalia y escoliosis. <\/strong>Con trabajo duro,\u00a0<span class=\"markovz9ea8pt\" data-markjs=\"true\" data-ogac=\"\" data-ogab=\"\" data-ogsc=\"\" data-ogsb=\"\">Estefany<\/span> ahora puede levantarse de la cama de forma independiente y pararse con apoyo. El crecimiento de\u00a0<span class=\"markovz9ea8pt\" data-markjs=\"true\" data-ogac=\"\" data-ogab=\"\" data-ogsc=\"\" data-ogsb=\"\">Estefany<\/span>\u00a0en el CRIT es un motivo de orgullo, y su fe le da esperanza para seguir impulsando su progreso.<\/p>\n<p>Con tu apoyo, podremos seguir brindando los mejores servicios de rehabilitaci\u00f3n a cientos de ni\u00f1os con discapacidad. <strong>Por favor, dona hoy.<\/strong><\/p>\n\t\t\t\t\t\t\t\t\t\t\t\t<\/div>\n             <\/div>\n\t\t\t <div class=\"small-12 medium-12 large-6 cell small-order-1 large-order-2 medium-offset-1 large-offset-1\">\n\t\t\t\t\t\t\t\t\t<a href=\"https:\/\/critusa.org\/es\/donar\/#sponsors\" target=\"_self\"><img alt=\"\" data-interchange=\"[https:\/\/critusa.org\/wp-content\/uploads\/2022\/10\/Estefany-01.png, small], [https:\/\/critusa.org\/wp-content\/uploads\/2022\/10\/Estefany-02.png, medium], [https:\/\/critusa.org\/wp-content\/uploads\/2022\/10\/Estefany-03.png, large]\"><\/a>\n\t\t\t\t            <\/div>\n\t\t<\/div>\n\t<\/div>\n<\/div>\n\n\n<div class=\"modulo8 offset-bottom\">\n\t\t<div class=\"grid-container\">\n\t\t\t<div class=\"grid-x grid-padding-x\">\n\t\t\t\t<div class=\"large-12 cell\">\n\t\t\t\t\t\t<h3>\u00bfPor qu\u00e9 elegir el CRIT?<\/h3>\n\t\t\t\t\t\t\t\t\t\t\t\t\t<p>Ni\u00f1os y adolescentes con discapacidad y sus <strong>familias<\/strong> <strong>viajan de todas partes de los Estados Unidos<\/strong> para recibir servicios de rehabilitaci\u00f3n en el CRIT en San Antonio, Texas.<\/p>\n\t\t\t\t\t\t\t\t\t\t<\/div>\n\t\t\t<\/div>\n\t\t<\/div>\n\t<section class=\" zoomtext\">\n\t\t<div class=\"grid-container\">\n\t\t\t<div class=\"grid-x grid-padding-x\">\n\t\t\t\t<div class=\"medium-4  large-4 cell text-align-center\">\n\t\t\t\t\t\t\t\t\t<a href=\"https:\/\/critusa.org\/es\/donar\/#sponsors\" target=\"_self\"><img decoding=\"async\" src=\"https:\/\/critusa.org\/wp-content\/uploads\/2022\/07\/bloque3-icono.silla-LP_USA.png\" alt=\"\"Ilustraci\u00f3n silla de ruedas\" \/><\/a>\n\t\t\t\t\t\t\t\t\t\t\t\t\t\t\t\t<p>Desde su apertura, se han atendido a m\u00e1s de <strong>4,400 pacientes<\/strong>.<\/p>\n\t\t\t\t\t\t\t\t\t<\/div>\n\t\t\t\t<div class=\"medium-4 large-4 cell text-align-center\">\n\t\t\t\t\t\t\t\t\t<a href=\"https:\/\/critusa.org\/es\/donar\/#sponsors\" target=\"_self\"><img decoding=\"async\" src=\"https:\/\/critusa.org\/wp-content\/uploads\/2022\/07\/bloque3-donar-LP_USA.png\" alt=\"\"Alcanc\u00eda cerdito\" \/><\/a>\n\t\t\t\t\t\t\t\t\t\t\t\t\t\t\t\t<p>Por s\u00f3lo <strong>63 centavos al d\u00eda<\/strong>, apoyar\u00e1s el tratamiento de los pacientes del CRIT.<\/p>\n\t\t\t\t\t\t\t\t\t<\/div>\n\t\t\t\t<div class=\"medium-4 large-4 cell text-align-center\">\n\t\t\t\t\t\t\t\t\t<a href=\"https:\/\/critusa.org\/es\/donar\/#sponsors\" target=\"_self\"><img decoding=\"async\" src=\"https:\/\/critusa.org\/wp-content\/uploads\/2022\/07\/bloque3-icono.familia-LP_USA.png\" alt=\"\"Ilustraci\u00f3n familia\" \/><\/a>\n\t\t\t\t\t\t\t\t\t\t\t\t\t\t\t\t<p>Tu apoyo permite acortar la <strong>lista de espera de m\u00e1s de 1,600 ni\u00f1os<\/strong> que buscan atenci\u00f3n.<\/p>\n\t\t\t\t\t\t\t\t\t<\/div>\n\t\t\t\t<div class=\"small-12 cell text-align-center\">\n\t\t\t\t\t\t\t\t\t\t\t<a class=\"gobutton color1\" href=\"https:\/\/critusa.org\/donar\/#sponsors\" target=\"_self\">Convi\u00e9rtete en Padrino TeletonUSA<\/a>\n\t\t\t\t\t\t\t\t\t<\/div>\n\t\t\t<\/div>\n\t\t<\/div>\n\t<\/section>\n<\/div>\n\n\n<div class=\"modulo9 \">\n\t<div class=\"grid-container\">\n\t\t<div class=\"grid-x grid-padding-x align-middle\">\n            <div class=\"small-12 medium-8 cell small-order-2 medium-order-1\">\n\t\t\t\t<p>\u201cEl CRIT es \u00fanico. Puedo ver de primera mano el progreso de los ni\u00f1os a medida que alcanzan sus metas y aprenden a comunicarse, cepillarse los dientes, vestirse y caminar. Esto no es lo que se escucha normalmente de una cl\u00ednica ambulatoria de rehabilitaci\u00f3n.\u201d<span class=\"Apple-converted-space\">\u00a0<\/span><\/p>\n<p>Cynthia Riley, M\u00e9dico Medicina F\u00edsica y Rehabilitaci\u00f3n del CRIT<\/p>\n\t\t\t\t<img decoding=\"async\" src=\"https:\/\/critusa.org\/wp-content\/uploads\/2022\/07\/firma-doc-2.png\" alt=\"Firma\" class=\"firma\" \/>\n\t\t\t<\/div>\n\t\t\t<div class=\"small-8 medium-4 small-offset-2 medium-offset-0 cell small-order-1 medium-order-2\">\n\t\t\t\t\t\t\t\t<a href=\"https:\/\/critusa.org\/es\/donar\/#sponsors\" target=\"_self\"><img decoding=\"async\" src=\"https:\/\/critusa.org\/wp-content\/uploads\/2022\/07\/bloque4-doc-LP_USA-cuadrada.jpg\" alt=\"\"Doctora sonriendo a la c\u00e1mara\" \/><\/a>\n\t\t\t\t\t\t\t\t<\/div>\n\t\t<\/div>\n\t<\/div>\n<\/div>\n","protected":false},"excerpt":{"rendered":"","protected":false},"author":5,"featured_media":0,"parent":0,"menu_order":0,"comment_status":"closed","ping_status":"closed","template":"page-templates\/interna.php","meta":{"pgc_sgb_lightbox_settings":"","footnotes":""},"yst_prominent_words":[],"acf":[],"_links":{"self":[{"href":"https:\/\/critusa.org\/es\/wp-json\/wp\/v2\/pages\/19012"}],"collection":[{"href":"https:\/\/critusa.org\/es\/wp-json\/wp\/v2\/pages"}],"about":[{"href":"https:\/\/critusa.org\/es\/wp-json\/wp\/v2\/types\/page"}],"author":[{"embeddable":true,"href":"https:\/\/critusa.org\/es\/wp-json\/wp\/v2\/users\/5"}],"replies":[{"embeddable":true,"href":"https:\/\/critusa.org\/es\/wp-json\/wp\/v2\/comments?post=19012"}],"version-history":[{"count":3,"href":"https:\/\/critusa.org\/es\/wp-json\/wp\/v2\/pages\/19012\/revisions"}],"predecessor-version":[{"id":19585,"href":"https:\/\/critusa.org\/es\/wp-json\/wp\/v2\/pages\/19012\/revisions\/19585"}],"wp:attachment":[{"href":"https:\/\/critusa.org\/es\/wp-json\/wp\/v2\/media?parent=19012"}],"wp:term":[{"taxonomy":"yst_prominent_words","embeddable":true,"href":"https:\/\/critusa.org\/es\/wp-json\/wp\/v2\/yst_prominent_words?post=19012"}],"curies":[{"name":"wp","href":"https:\/\/api.w.org\/{rel}","templated":true}]}}