{"id":20977,"date":"2023-08-01T18:34:52","date_gmt":"2023-08-02T00:34:52","guid":{"rendered":"https:\/\/critusa.org\/?page_id=20977"},"modified":"2023-08-15T13:05:04","modified_gmt":"2023-08-15T19:05:04","slug":"evento-teletonusa","status":"publish","type":"page","link":"https:\/\/critusa.org\/es\/evento-teletonusa\/","title":{"rendered":"Evento TeletonUSA"},"content":{"rendered":"<div class=\"modulo1 zoomtext \">\n\t<div class=\"grid-container set-relative\">\n\t\t<div class=\"grid-x grid-padding-x\">\n\t\t\t<div class=\"small-12 medium-9 cell \" >\n\t\t\t<img alt=\"Ni\u00f1a con pelota y su terapeuta\"  data-interchange=\"[https:\/\/critusa.org\/wp-content\/uploads\/2023\/08\/Karla-375x230-1.jpg, small], [https:\/\/critusa.org\/wp-content\/uploads\/2023\/08\/Karla-832x512-1.jpg, medium], [https:\/\/critusa.org\/wp-content\/uploads\/2023\/08\/Karla-832x512-1.jpg, large]\">\n\t\t\t<\/div>\n\t\t<\/div>\n\t\t<div class=\"content\">\n\t\t\t<div class=\"grid-x grid-padding-x set-bottom\">\n\t\t\t\t<div class=\"medium-offset-5 medium-7 large-offset-6 large-6 cell\">\n\t\t\t\t\t<div class=\"container-info full-height\">\n\t\t\t\t\t\t<div class=\"info \">\n\t\t\t\t\t\t\t<h2 class=\"size-medium\">Evento<span class=\"sub\">TeletonUSA<\/span><\/h2>\n\t\t\t\t\t\t\t<p>Desde 2012, el Evento TeletonUSA ha recaudado fondos para el Centro de Rehabilitaci\u00f3n Infantil TeletonUSA (CRIT).  <br \/>\r\n<br \/>\r\nEl programa es un esfuerzo de colaboraci\u00f3n con Univisi\u00f3n, que se emite en Univisi\u00f3n, Galavisi\u00f3n y en streaming en ViX. Cada a\u00f1o, nuestro objetivo es recaudar un d\u00f3lar m\u00e1s que la cantidad recaudada el a\u00f1o anterior. <\/p>\n\t\t\t\t\t\t<\/div>\n\t\t\t\t\t<\/div>\n\t\t\t\t<\/div>\n\t\t\t<\/div>\n\t\t<\/div>\n\t<\/div>\n<\/div>\n\n\n<div class=\"modulo2 zoomtext offset-bottom\">\n\t<div class=\"grid-container set-relative\">\n\t\t<div class=\"grid-x grid-padding-x\">\n\t\t\t<div class=\"small-12 show-for-small-only\">\n\t\t\t\t<img decoding=\"async\" src=\"https:\/\/critusa.org\/wp-content\/uploads\/2023\/08\/Galilea-02.png\" alt=\"Ni\u00f1o jugando con terapeuta\" \/>\n\t\t\t<\/div>\n\t\t\t<div class=\"small-12 medium-8 large-6 cell\">\n\t\t\t\t<div class=\"description\">\n\t\t\t\t<p>TeletonUSA se ha convertido en una tradici\u00f3n muy querida que une a la comunidad. Gracias a nuestra cobertura nacional, llegamos a millones de hogares y garantizamos la accesibilidad del p\u00fablico a trav\u00e9s de diferentes plataformas. <\/p>\n<p>Debido a nuestra alianza con Univisi\u00f3n, tenemos el privilegio de ofrecer sus mejores franquicias, talentosos artistas y famosos artistas musicales en el escenario del Evento TeletonUSA. Juntos, compartimos el objetivo de crear conciencia y recaudar fondos para los ni\u00f1os con discapacidad. Todo lo que recaudamos durante el evento apoya directamente a los programas del CRIT, impactando significativamente las vidas de nuestros ni\u00f1os y familias. <\/p>\n\t\t\t\t<\/div>\n\t\t\t\t\t\t\t<\/div>\n\t\t\t<div class=\"small-12 medium-4 large-6 cell no-cell-medium\">\n\t\t\t\t<div class=\"bg full-height hide-for-small-only\" style=\"background-image:url('https:\/\/critusa.org\/wp-content\/uploads\/2023\/08\/Galilea-01-1.png')\"><img decoding=\"async\" src=\"https:\/\/critusa.org\/wp-content\/themes\/Teleton\/images\/spacer.png\" alt=\"Ni\u00f1o jugando con terapeuta\" \/><\/div>\n\t\t\t<\/div>\n\t\t<\/div>\n\t<\/div>\n<\/div>\n\n\n<section class=\"head-type1\">\n\t<div class=\"grid-container\">\n\t\t<div class=\"grid-x grid-padding-x\">\n\t\t\t<div class=\"medium-12 cell\">\n\t\t\t\t<h3><span>NUESTRO IMPACTO<\/span><\/h3>\n\t\t\t<\/div>\n\t\t\t<div class=\"medium-10 medium-offset-1 cell zoomtext\">\n\t\t\t\t<p>S\u00e9 testigo de las inspiradoras historias de los ni\u00f1os del CRIT y sus familias a medida que avanzan en sus viajes de rehabilitaci\u00f3n.<\/p>\n\t\t\t<\/div>\n\t\t<\/div>\n\t<\/div>\n<\/section>\n<section class=\"six-videos\">\n\t<div class=\"grid-container hide-for-small-only\">\n\t\t<div class=\"grid-x grid-padding-x\">\n\t\t\t<div class=\"medium-3 cell\">\n\t\t\t\t <a href=\"#videobox\" class=\"playvid zoomtext\"  data-video=\"https:\/\/www.youtube.com\/embed\/Pi02UTX-Ae4\" rel=\"modal:open\">\n\t<div class=\"video-box big\">\n\t\t<div class=\"video-data\">\n\t\t\t<div class=\"info\">\n\t\t\t\t<div class=\"grid-x\">\n\t\t\t\t\t<div class=\"small-2 medium-3 cell\">\n\t\t\t\t\t\t<img decoding=\"async\" src=\"https:\/\/critusa.org\/wp-content\/themes\/Teleton\/images\/play.svg\"\n\t\t\t\t\t\t\taria-hidden=\"true\" class=\"icon\" \/>\n\t\t\t\t\t<\/div>\n\t\t\t\t\t<div class=\"small-12 medium-12 cell\">\n\t\t\t\t\t\t<h5>Sammi es una superhero\u00edna con huesos de cristal y voluntad de acero<\/h5>\n\t\t\t\t\t<\/div>\n\t\t\t\t<\/div>\n\t\t\t<\/div>\n\t\t<\/div>\n\t\t<img alt=\"Sammi\" data-interchange=\"[https:\/\/critusa.org\/wp-content\/uploads\/2023\/08\/1_Sammi-02.png, small], [https:\/\/critusa.org\/wp-content\/uploads\/2023\/08\/1_Sammi-01.png, medium], [https:\/\/critusa.org\/wp-content\/uploads\/2023\/08\/1_Sammi-01.png, large]\">\n\t<\/div>\n<\/a>\n\t\t\t<\/div>\n\t\t\t<div class=\"medium-3 cell\">\n\t\t\t\t<div class=\"group\">\n\t\t\t\t<a href=\"#videobox\" class=\"playvid zoomtext\" data-video=\"https:\/\/www.youtube.com\/embed\/YTyzyUj9D5I\" rel=\"modal:open\">\n\t<div class=\"video-box small\">\n\t\t<div class=\"video-data\">\n\t\t\t<div class=\"info\">\n\t\t\t\t<div class=\"grid-x\">\n\t\t\t\t\t<div class=\"small-2 medium-3 cell\">\n\t\t\t\t\t\t<img decoding=\"async\" src=\"https:\/\/critusa.org\/wp-content\/themes\/Teleton\/images\/play.svg\"\n\t\t\t\t\t\t\taria-hidden=\"true\" class=\"icon\" \/>\n\t\t\t\t\t<\/div>\n\t\t\t\t\t<div class=\"small-12 medium-12 cell\">\n\t\t\t\t\t\t<h5>Gaven nos ense\u00f1a a disfrutar cada momento<\/h5>\n\t\t\t\t\t<\/div>\n\t\t\t\t<\/div>\n\t\t\t<\/div>\n\t\t<\/div>\n\t\t<img decoding=\"async\" src=\"https:\/\/critusa.org\/wp-content\/uploads\/2023\/08\/2_Gaven-02.png\" alt=\"Gaven\" \/>\n\t<\/div>\n<\/a>\n\t\t\t\t<a href=\"#videobox\" class=\"playvid zoomtext\" data-video=\"https:\/\/www.youtube.com\/embed\/NpBEjcUdmvg\" rel=\"modal:open\">\n\t<div class=\"video-box small\">\n\t\t<div class=\"video-data\">\n\t\t\t<div class=\"info\">\n\t\t\t\t<div class=\"grid-x\">\n\t\t\t\t\t<div class=\"small-2 medium-3 cell\">\n\t\t\t\t\t\t<img decoding=\"async\" src=\"https:\/\/critusa.org\/wp-content\/themes\/Teleton\/images\/play.svg\"\n\t\t\t\t\t\t\taria-hidden=\"true\" class=\"icon\" \/>\n\t\t\t\t\t<\/div>\n\t\t\t\t\t<div class=\"small-12 medium-12 cell\">\n\t\t\t\t\t\t<h5>No hay nada que detenga a Krestalenn<\/h5>\n\t\t\t\t\t<\/div>\n\t\t\t\t<\/div>\n\t\t\t<\/div>\n\t\t<\/div>\n\t\t<img decoding=\"async\" src=\"https:\/\/critusa.org\/wp-content\/uploads\/2023\/08\/3_Krestalenn-02.png\" alt=\"\" \/>\n\t<\/div>\n<\/a>\n\t\t\t\t<\/div>\n\t\t\t<\/div>\n\t\t\t<div class=\"medium-3 cell\">\n\t\t\t\t<a href=\"#videobox\" class=\"playvid zoomtext\" data-video=\"https:\/\/www.youtube.com\/embed\/TquAqCSI8Fw\" rel=\"modal:open\">\n\t<div class=\"video-box big\">\n\t\t<div class=\"video-data\">\n\t\t\t<div class=\"info\">\n\t\t\t\t<div class=\"grid-x\">\n\t\t\t\t\t<div class=\"small-2 medium-3 cell\">\n\t\t\t\t\t\t<img decoding=\"async\" src=\"https:\/\/critusa.org\/wp-content\/themes\/Teleton\/images\/play.svg\"\n\t\t\t\t\t\t\taria-hidden=\"true\" class=\"icon\" \/>\n\t\t\t\t\t<\/div>\n\t\t\t\t\t<div class=\"small-12 medium-12 cell\">\n\t\t\t\t\t\t<h5>Conoce a Daniel, un ni\u00f1o valiente con un gran coraz\u00f3n<\/h5>\n\t\t\t\t\t<\/div>\n\t\t\t\t<\/div>\n\t\t\t<\/div>\n\t\t<\/div>\n\t\t<img alt=\"Daniel\" data-interchange=\"[https:\/\/critusa.org\/wp-content\/uploads\/2023\/08\/4_Daniel-02.png, small], [https:\/\/critusa.org\/wp-content\/uploads\/2023\/08\/4_Daniel-01.png, medium], [https:\/\/critusa.org\/wp-content\/uploads\/2023\/08\/4_Daniel-01.png, large]\">\n\t<\/div>\n<\/a>\n\t\t\t<\/div>\n\t\t\t<div class=\"medium-3 cell\">\n\t\t\t\t<div class=\"group\">\n\t\t\t\t<a href=\"#videobox\" class=\"playvid zoomtext\" data-video=\"https:\/\/www.youtube.com\/embed\/HPNw1NH_YqY\" rel=\"modal:open\">\n\t<div class=\"video-box small\">\n\t\t<div class=\"video-data\">\n\t\t\t<div class=\"info\">\n\t\t\t\t<div class=\"grid-x\">\n\t\t\t\t\t<div class=\"small-2 medium-3 cell\">\n\t\t\t\t\t\t<img decoding=\"async\" src=\"https:\/\/critusa.org\/wp-content\/themes\/Teleton\/images\/play.svg\"\n\t\t\t\t\t\t\taria-hidden=\"true\" class=\"icon\" \/>\n\t\t\t\t\t<\/div>\n\t\t\t\t\t<div class=\"small-12 medium-12 cell\">\n\t\t\t\t\t\t<h5>La resiliencia de Sophia la hace m\u00e1s fuerte cada d\u00eda<\/h5>\n\t\t\t\t\t<\/div>\n\t\t\t\t<\/div>\n\t\t\t<\/div>\n\t\t<\/div>\n\t\t<img decoding=\"async\" src=\"https:\/\/critusa.org\/wp-content\/uploads\/2023\/08\/5_Sophia-02.png\" alt=\"Sophia\" \/>\n\t<\/div>\n<\/a>\n\t\t\t\t<a href=\"#videobox\" class=\"playvid zoomtext\" data-video=\"https:\/\/www.youtube.com\/embed\/Bgay3XckAp8\" rel=\"modal:open\">\n\t<div class=\"video-box small\">\n\t\t<div class=\"video-data\">\n\t\t\t<div class=\"info\">\n\t\t\t\t<div class=\"grid-x\">\n\t\t\t\t\t<div class=\"small-2 medium-3 cell\">\n\t\t\t\t\t\t<img decoding=\"async\" src=\"https:\/\/critusa.org\/wp-content\/themes\/Teleton\/images\/play.svg\"\n\t\t\t\t\t\t\taria-hidden=\"true\" class=\"icon\" \/>\n\t\t\t\t\t<\/div>\n\t\t\t\t\t<div class=\"small-12 medium-12 cell\">\n\t\t\t\t\t\t<h5>Gabriel se fortalece con el poder de la m\u00fasica<\/h5>\n\t\t\t\t\t<\/div>\n\t\t\t\t<\/div>\n\t\t\t<\/div>\n\t\t<\/div>\n\t\t<img decoding=\"async\" src=\"https:\/\/critusa.org\/wp-content\/uploads\/2023\/08\/6_Gabriel-02.png\" alt=\"Gabriel\" \/>\n\t<\/div>\n<\/a>\n\t\t\t\t<\/div>\n\t\t\t<\/div>\n\t\t<\/div>\n\t<\/div>\n\t<div class=\"grid-container show-for-small-only\">\n\t\t<div class=\"grid-x grid-padding-x\">\n\t\t\t<div class=\"small-10 small-offset-1 cell\">\n\t\t\t\t<div class=\"six-videos-carousel slider\">\n\t\t\t\t\t<div>\n\t\t\t\t\t<a href=\"#videobox\" class=\"playvid zoomtext\"  data-video=\"https:\/\/www.youtube.com\/embed\/Pi02UTX-Ae4\" rel=\"modal:open\">\n\t<div class=\"video-box big\">\n\t\t<div class=\"video-data\">\n\t\t\t<div class=\"info\">\n\t\t\t\t<div class=\"grid-x\">\n\t\t\t\t\t<div class=\"small-2 medium-3 cell\">\n\t\t\t\t\t\t<img decoding=\"async\" src=\"https:\/\/critusa.org\/wp-content\/themes\/Teleton\/images\/play.svg\"\n\t\t\t\t\t\t\taria-hidden=\"true\" class=\"icon\" \/>\n\t\t\t\t\t<\/div>\n\t\t\t\t\t<div class=\"small-12 medium-12 cell\">\n\t\t\t\t\t\t<h5>Sammi es una superhero\u00edna con huesos de cristal y voluntad de acero<\/h5>\n\t\t\t\t\t<\/div>\n\t\t\t\t<\/div>\n\t\t\t<\/div>\n\t\t<\/div>\n\t\t<img alt=\"Sammi\" data-interchange=\"[https:\/\/critusa.org\/wp-content\/uploads\/2023\/08\/1_Sammi-02.png, small], [https:\/\/critusa.org\/wp-content\/uploads\/2023\/08\/1_Sammi-01.png, medium], [https:\/\/critusa.org\/wp-content\/uploads\/2023\/08\/1_Sammi-01.png, large]\">\n\t<\/div>\n<\/a>\n\t\t\t\t\t<\/div>\n\t\t\t\t\t<div>\n\t\t\t\t\t<a href=\"#videobox\" class=\"playvid zoomtext\" data-video=\"https:\/\/www.youtube.com\/embed\/YTyzyUj9D5I\" rel=\"modal:open\">\n\t<div class=\"video-box small\">\n\t\t<div class=\"video-data\">\n\t\t\t<div class=\"info\">\n\t\t\t\t<div class=\"grid-x\">\n\t\t\t\t\t<div class=\"small-2 medium-3 cell\">\n\t\t\t\t\t\t<img decoding=\"async\" src=\"https:\/\/critusa.org\/wp-content\/themes\/Teleton\/images\/play.svg\"\n\t\t\t\t\t\t\taria-hidden=\"true\" class=\"icon\" \/>\n\t\t\t\t\t<\/div>\n\t\t\t\t\t<div class=\"small-12 medium-12 cell\">\n\t\t\t\t\t\t<h5>Gaven nos ense\u00f1a a disfrutar cada momento<\/h5>\n\t\t\t\t\t<\/div>\n\t\t\t\t<\/div>\n\t\t\t<\/div>\n\t\t<\/div>\n\t\t<img decoding=\"async\" src=\"https:\/\/critusa.org\/wp-content\/uploads\/2023\/08\/2_Gaven-02.png\" alt=\"Gaven\" \/>\n\t<\/div>\n<\/a>\n\t\t\t\t\t<\/div>\n\t\t\t\t\t<div>\n\t\t\t\t\t<a href=\"#videobox\" class=\"playvid zoomtext\" data-video=\"https:\/\/www.youtube.com\/embed\/NpBEjcUdmvg\" rel=\"modal:open\">\n\t<div class=\"video-box small\">\n\t\t<div class=\"video-data\">\n\t\t\t<div class=\"info\">\n\t\t\t\t<div class=\"grid-x\">\n\t\t\t\t\t<div class=\"small-2 medium-3 cell\">\n\t\t\t\t\t\t<img decoding=\"async\" src=\"https:\/\/critusa.org\/wp-content\/themes\/Teleton\/images\/play.svg\"\n\t\t\t\t\t\t\taria-hidden=\"true\" class=\"icon\" \/>\n\t\t\t\t\t<\/div>\n\t\t\t\t\t<div class=\"small-12 medium-12 cell\">\n\t\t\t\t\t\t<h5>No hay nada que detenga a Krestalenn<\/h5>\n\t\t\t\t\t<\/div>\n\t\t\t\t<\/div>\n\t\t\t<\/div>\n\t\t<\/div>\n\t\t<img decoding=\"async\" src=\"https:\/\/critusa.org\/wp-content\/uploads\/2023\/08\/3_Krestalenn-02.png\" alt=\"\" \/>\n\t<\/div>\n<\/a>\n\t\t\t\t\t<\/div>\n\t\t\t\t\t<div>\n\t\t\t\t\t<a href=\"#videobox\" class=\"playvid zoomtext\" data-video=\"https:\/\/www.youtube.com\/embed\/TquAqCSI8Fw\" rel=\"modal:open\">\n\t<div class=\"video-box big\">\n\t\t<div class=\"video-data\">\n\t\t\t<div class=\"info\">\n\t\t\t\t<div class=\"grid-x\">\n\t\t\t\t\t<div class=\"small-2 medium-3 cell\">\n\t\t\t\t\t\t<img decoding=\"async\" src=\"https:\/\/critusa.org\/wp-content\/themes\/Teleton\/images\/play.svg\"\n\t\t\t\t\t\t\taria-hidden=\"true\" class=\"icon\" \/>\n\t\t\t\t\t<\/div>\n\t\t\t\t\t<div class=\"small-12 medium-12 cell\">\n\t\t\t\t\t\t<h5>Conoce a Daniel, un ni\u00f1o valiente con un gran coraz\u00f3n<\/h5>\n\t\t\t\t\t<\/div>\n\t\t\t\t<\/div>\n\t\t\t<\/div>\n\t\t<\/div>\n\t\t<img alt=\"Daniel\" data-interchange=\"[https:\/\/critusa.org\/wp-content\/uploads\/2023\/08\/4_Daniel-02.png, small], [https:\/\/critusa.org\/wp-content\/uploads\/2023\/08\/4_Daniel-01.png, medium], [https:\/\/critusa.org\/wp-content\/uploads\/2023\/08\/4_Daniel-01.png, large]\">\n\t<\/div>\n<\/a>\n\t\t\t\t\t<\/div>\n\t\t\t\t\t<div>\n\t\t\t\t\t<a href=\"#videobox\" class=\"playvid zoomtext\" data-video=\"https:\/\/www.youtube.com\/embed\/HPNw1NH_YqY\" rel=\"modal:open\">\n\t<div class=\"video-box small\">\n\t\t<div class=\"video-data\">\n\t\t\t<div class=\"info\">\n\t\t\t\t<div class=\"grid-x\">\n\t\t\t\t\t<div class=\"small-2 medium-3 cell\">\n\t\t\t\t\t\t<img decoding=\"async\" src=\"https:\/\/critusa.org\/wp-content\/themes\/Teleton\/images\/play.svg\"\n\t\t\t\t\t\t\taria-hidden=\"true\" class=\"icon\" \/>\n\t\t\t\t\t<\/div>\n\t\t\t\t\t<div class=\"small-12 medium-12 cell\">\n\t\t\t\t\t\t<h5>La resiliencia de Sophia la hace m\u00e1s fuerte cada d\u00eda<\/h5>\n\t\t\t\t\t<\/div>\n\t\t\t\t<\/div>\n\t\t\t<\/div>\n\t\t<\/div>\n\t\t<img decoding=\"async\" src=\"https:\/\/critusa.org\/wp-content\/uploads\/2023\/08\/5_Sophia-02.png\" alt=\"Sophia\" \/>\n\t<\/div>\n<\/a>\n\t\t\t\t\t<\/div>\n\t\t\t\t\t<div>\n\t\t\t\t\t<a href=\"#videobox\" class=\"playvid zoomtext\" data-video=\"https:\/\/www.youtube.com\/embed\/Bgay3XckAp8\" rel=\"modal:open\">\n\t<div class=\"video-box small\">\n\t\t<div class=\"video-data\">\n\t\t\t<div class=\"info\">\n\t\t\t\t<div class=\"grid-x\">\n\t\t\t\t\t<div class=\"small-2 medium-3 cell\">\n\t\t\t\t\t\t<img decoding=\"async\" src=\"https:\/\/critusa.org\/wp-content\/themes\/Teleton\/images\/play.svg\"\n\t\t\t\t\t\t\taria-hidden=\"true\" class=\"icon\" \/>\n\t\t\t\t\t<\/div>\n\t\t\t\t\t<div class=\"small-12 medium-12 cell\">\n\t\t\t\t\t\t<h5>Gabriel se fortalece con el poder de la m\u00fasica<\/h5>\n\t\t\t\t\t<\/div>\n\t\t\t\t<\/div>\n\t\t\t<\/div>\n\t\t<\/div>\n\t\t<img decoding=\"async\" src=\"https:\/\/critusa.org\/wp-content\/uploads\/2023\/08\/6_Gabriel-02.png\" alt=\"Gabriel\" \/>\n\t<\/div>\n<\/a>\n\t\t\t\t\t<\/div>\n\t\t\t\t<\/div>\n\t\t\t<\/div>\n\t\t<\/div>\n\t<\/div>\n\t<\/section>\n<div id=\"videobox\" class=\"modal\">\n\t<iframe loading=\"lazy\" id=\"videoembed\" width=\"100%\" height=\"100%\" src=\"\" frameborder=\"0\" allow=\"accelerometer; autoplay; encrypted-media; gyroscope; picture-in-picture\" allowfullscreen><\/iframe>\n<\/div>\n","protected":false},"excerpt":{"rendered":"","protected":false},"author":7,"featured_media":0,"parent":0,"menu_order":0,"comment_status":"closed","ping_status":"closed","template":"page-templates\/interna.php","meta":{"pgc_sgb_lightbox_settings":"","footnotes":""},"yst_prominent_words":[],"acf":[],"_links":{"self":[{"href":"https:\/\/critusa.org\/es\/wp-json\/wp\/v2\/pages\/20977"}],"collection":[{"href":"https:\/\/critusa.org\/es\/wp-json\/wp\/v2\/pages"}],"about":[{"href":"https:\/\/critusa.org\/es\/wp-json\/wp\/v2\/types\/page"}],"author":[{"embeddable":true,"href":"https:\/\/critusa.org\/es\/wp-json\/wp\/v2\/users\/7"}],"replies":[{"embeddable":true,"href":"https:\/\/critusa.org\/es\/wp-json\/wp\/v2\/comments?post=20977"}],"version-history":[{"count":40,"href":"https:\/\/critusa.org\/es\/wp-json\/wp\/v2\/pages\/20977\/revisions"}],"predecessor-version":[{"id":21273,"href":"https:\/\/critusa.org\/es\/wp-json\/wp\/v2\/pages\/20977\/revisions\/21273"}],"wp:attachment":[{"href":"https:\/\/critusa.org\/es\/wp-json\/wp\/v2\/media?parent=20977"}],"wp:term":[{"taxonomy":"yst_prominent_words","embeddable":true,"href":"https:\/\/critusa.org\/es\/wp-json\/wp\/v2\/yst_prominent_words?post=20977"}],"curies":[{"name":"wp","href":"https:\/\/api.w.org\/{rel}","templated":true}]}}