{"id":3140,"date":"2020-02-05T12:38:52","date_gmt":"2020-02-05T18:38:52","guid":{"rendered":"https:\/\/teleton.design\/?page_id=3140"},"modified":"2022-04-21T15:41:19","modified_gmt":"2022-04-21T20:41:19","slug":"inscripcion","status":"publish","type":"page","link":"https:\/\/critusa.org\/es\/inscripcion\/","title":{"rendered":"Inscripci\u00f3n"},"content":{"rendered":"<div class=\"modulo1 zoomtext margin-module1\">\n\t<div class=\"grid-container set-relative\">\n\t\t<div class=\"grid-x grid-padding-x\">\n\t\t\t<div class=\"small-12 medium-9 cell \" >\n\t\t\t<img alt=\"Ni\u00f1a sonriendo a la c\u00e1mara\"  data-interchange=\"[https:\/\/critusa.org\/wp-content\/uploads\/2020\/02\/Inscribete-movil.jpg, small], [https:\/\/critusa.org\/wp-content\/uploads\/2020\/02\/Inscribete.jpg, medium], [https:\/\/critusa.org\/wp-content\/uploads\/2020\/02\/Inscribete.jpg, large]\">\n\t\t\t<\/div>\n\t\t<\/div>\n\t\t<div class=\"content\">\n\t\t\t<div class=\"grid-x grid-padding-x set-bottom\">\n\t\t\t\t<div class=\"medium-offset-5 medium-7 large-offset-6 large-6 cell\">\n\t\t\t\t\t<div class=\"container-info full-height\">\n\t\t\t\t\t\t<div class=\"info \">\n\t\t\t\t\t\t\t<h2 class=\"size-medium\">Inscripci\u00f3n<\/h2>\n\t\t\t\t\t\t\t<p>Nuestras puertas est\u00e1n abiertas para todos los ni\u00f1os y las ni\u00f1as de 0 a 18 a\u00f1os con una discapacidad neurol\u00f3gica, esquel\u00e9tica y\/o muscular que limite sus actividades o que restrinja su participaci\u00f3n en la sociedad. <\/p>\n\t\t\t\t\t\t<\/div>\n\t\t\t\t\t<\/div>\n\t\t\t\t<\/div>\n\t\t\t<\/div>\n\t\t<\/div>\n\t<\/div>\n<\/div>\n\n\n<section class=\"modulo5 zoomtext\">\n\t<div class=\"grid-container\">\n\t\t\t<div class=\"grid-x grid-padding-x\">\n\t\t\t\t<div class=\"medium-offset-1 medium-10 large-offset-2 large-7 cell\">\n\t\t\t\t<h3>PASOS<span class=\"sub\">PARA LA INSCRIPCI\u00d3N<\/span><\/h3>\t\t\t\t<div class=\"info\">\n\t\t\t\t\t\t<ul>\n<li>Llama al tel\u00e9fono <a href=\"tel:18442064512\">1-844-206-4512<\/a>, del CRIT. Solicita inscribir a tu hijo en el centro. Si nuestro tel\u00e9fono est\u00e1 ocupado, deja un mensaje con tu nombre y un tel\u00e9fono de contacto. Un representante de atenci\u00f3n al p\u00fablico se comunicar\u00e1 contigo tan pronto como sea posible.<\/li>\n<li>El representante de atenci\u00f3n al p\u00fablico registrar\u00e1 a tu hijo o hija en la lista de espera, asign\u00e1ndole un grupo o cl\u00ednica, dependiendo de su diagn\u00f3stico*.<\/li>\n<li>Una vez que haya un espacio disponible en el grupo o la cl\u00ednica asignada, ser\u00e1s contactado por el representante de atenci\u00f3n al p\u00fablico para agendar una evaluaci\u00f3n inicial.<\/li>\n<li>El d\u00eda de tu evaluaci\u00f3n inicial, solicitamos que te presentes una hora antes, con los siguientes documentos:\n<ul>\n<li>Una copia del expediente m\u00e9dico de tu hijo<\/li>\n<li>Una copia del expediente de vacunaci\u00f3n de tu hijo<\/li>\n<li>Tarjeta de seguro m\u00e9dico<\/li>\n<li>Acta de nacimiento del ni\u00f1o o la ni\u00f1a<\/li>\n<li>Tarjeta de seguro social<\/li>\n<li>Identificaci\u00f3n de paternidad<\/li>\n<li>Comprobante de domicilio<\/li>\n<li>Comprobante de ingresos<\/li>\n<li>Documentos legales\n<ul>\n<li>Documentos de adopci\u00f3n<\/li>\n<li>Tutela legal<\/li>\n<li>Poder legal<\/li>\n<li>Cambio de nombre<\/li>\n<\/ul>\n<\/li>\n<\/ul>\n<\/li>\n<li>El proceso de evaluaci\u00f3n tiene una duraci\u00f3n de un d\u00eda completo. Por esto, si vives en San Antonio, recomendamos que te prepares para pasar un (1) d\u00eda en CRIT y, si vives fuera de San Antonio (y de su zona conurbada), recomendamos que te prepares para pasar (2) d\u00edas lejos de casa.<\/li>\n<li>Si tu hijo o hija es admitido en el programa, conocer\u00e1s a los especialistas en cobranzas, quienes determinar\u00e1n tu responsabilidad financiera y el costo del programa de rehabilitaci\u00f3n.<\/li>\n<\/ul>\n<p><em>* Habiendo completado el registro, el ni\u00f1o entrar\u00e1 a la lista de espera, para que se abra un espacio para su atenci\u00f3n. Cuando el espacio est\u00e9 disponible, la familia ser\u00e1 contactada con una fecha para el proceso de evaluaci\u00f3n. Tambi\u00e9n aceptamos a pacientes referidos por m\u00e9dicos de la comunidad.<\/em><\/p>\n<h4>Si tienes preguntas, comun\u00edcate con nosotros llamando al <a href=\"tel:2102576260\">(210) 257-6260.<\/a><\/h4>\n\t\t\t\t\t<\/div>\n\t\t\t<\/div>\n\t<\/div>\n<\/section>\n","protected":false},"excerpt":{"rendered":"","protected":false},"author":5,"featured_media":0,"parent":0,"menu_order":0,"comment_status":"closed","ping_status":"closed","template":"page-templates\/interna.php","meta":{"pgc_sgb_lightbox_settings":"","footnotes":""},"yst_prominent_words":[],"acf":[],"_links":{"self":[{"href":"https:\/\/critusa.org\/es\/wp-json\/wp\/v2\/pages\/3140"}],"collection":[{"href":"https:\/\/critusa.org\/es\/wp-json\/wp\/v2\/pages"}],"about":[{"href":"https:\/\/critusa.org\/es\/wp-json\/wp\/v2\/types\/page"}],"author":[{"embeddable":true,"href":"https:\/\/critusa.org\/es\/wp-json\/wp\/v2\/users\/5"}],"replies":[{"embeddable":true,"href":"https:\/\/critusa.org\/es\/wp-json\/wp\/v2\/comments?post=3140"}],"version-history":[{"count":1936,"href":"https:\/\/critusa.org\/es\/wp-json\/wp\/v2\/pages\/3140\/revisions"}],"predecessor-version":[{"id":17818,"href":"https:\/\/critusa.org\/es\/wp-json\/wp\/v2\/pages\/3140\/revisions\/17818"}],"wp:attachment":[{"href":"https:\/\/critusa.org\/es\/wp-json\/wp\/v2\/media?parent=3140"}],"wp:term":[{"taxonomy":"yst_prominent_words","embeddable":true,"href":"https:\/\/critusa.org\/es\/wp-json\/wp\/v2\/yst_prominent_words?post=3140"}],"curies":[{"name":"wp","href":"https:\/\/api.w.org\/{rel}","templated":true}]}}