{"id":3213,"date":"2020-02-05T13:38:19","date_gmt":"2020-02-05T19:38:19","guid":{"rendered":"https:\/\/teleton.design\/?page_id=3213"},"modified":"2021-10-13T10:24:18","modified_gmt":"2021-10-13T15:24:18","slug":"crit","status":"publish","type":"page","link":"https:\/\/critusa.org\/es\/crit\/","title":{"rendered":"CRIT"},"content":{"rendered":"<div class=\"modulo1 zoomtext \">\n\t<div class=\"grid-container set-relative\">\n\t\t<div class=\"grid-x grid-padding-x\">\n\t\t\t<div class=\"small-12 medium-9 cell \" >\n\t\t\t<img alt=\"Ni\u00f1a con pelota y su terapeuta\"  data-interchange=\"[, small], [https:\/\/critusa.org\/wp-content\/uploads\/2020\/02\/Quienes-somos-desktop.jpg, medium], [https:\/\/critusa.org\/wp-content\/uploads\/2020\/02\/Quienes-somos-desktop.jpg, large]\">\n\t\t\t<\/div>\n\t\t<\/div>\n\t\t<div class=\"content\">\n\t\t\t<div class=\"grid-x grid-padding-x set-bottom\">\n\t\t\t\t<div class=\"medium-offset-5 medium-7 large-offset-6 large-6 cell\">\n\t\t\t\t\t<div class=\"container-info full-height\">\n\t\t\t\t\t\t<div class=\"info \">\n\t\t\t\t\t\t\t<h2 class=\"size-medium\">Acerca del CRIT<\/h2>\n\t\t\t\t\t\t\t<p>El Centro de Rehabilitaci\u00f3n Infantil TeletonUSA (CRIT), es una organizaci\u00f3n sin fines de lucro 501 (c) (3) que ofrece servicios de rehabilitaci\u00f3n integrales para ni\u00f1os y ni\u00f1as con discapacidad neurol\u00f3gica, muscular y esquel\u00e9tica. <br \/>\r\n<br \/>\r\nEl modelo de atenci\u00f3n del CRIT, reconoce que la discapacidad requiere tratamientos desde diferentes enfoques y no \u00fanicamente desde la atenci\u00f3n m\u00e9dica tradicional.<\/p>\n\t\t\t\t\t\t<\/div>\n\t\t\t\t\t<\/div>\n\t\t\t\t<\/div>\n\t\t\t<\/div>\n\t\t<\/div>\n\t<\/div>\n<\/div>\n\n\n<div class=\"modulo2 zoomtext \">\n\t<div class=\"grid-container set-relative\">\n\t\t<div class=\"grid-x grid-padding-x\">\n\t\t\t<div class=\"small-12 show-for-small-only\">\n\t\t\t\t<img decoding=\"async\" src=\"https:\/\/critusa.org\/wp-content\/uploads\/2020\/02\/Quienes-somos-movil-2.jpg\" alt=\"Ni\u00f1o jugando con terapeuta\" \/>\n\t\t\t<\/div>\n\t\t\t<div class=\"small-12 medium-8 large-6 cell\">\n\t\t\t\t<div class=\"description\">\n\t\t\t\t<p>Nuestro modelo de atenci\u00f3n se enfoca en los siguientes ejes: f\u00edsico, psicol\u00f3gico, social y espiritual. Con este enfoque mejoran los resultados de la rehabilitaci\u00f3n, ya que se atienden todas las necesidades de nuestros ni\u00f1os y sus familias. Contamos con un equipo multidisciplinario cuyos miembros se encuentran en constante comunicaci\u00f3n, lo cual es un diferencial entre este y otros centros de rehabilitaci\u00f3n, ya que ofrece mejores resultados.<\/p>\n<p>Inspirado en el \u00e9xito de los Centros de Rehabilitaci\u00f3n e Inclusi\u00f3n Infantil Telet\u00f3n en M\u00e9xico, el CRIT abri\u00f3 sus puertas de forma independiente como una organizaci\u00f3n sin fines de lucro en San Antonio, Texas, en 2014. Desde su apertura, el CRIT ha atendido a 4,267 personas de toda la Uni\u00f3n Americana.<\/p>\n\t\t\t\t<\/div>\n\t\t\t\t\t\t\t<\/div>\n\t\t\t<div class=\"small-12 medium-4 large-6 cell no-cell-medium\">\n\t\t\t\t<div class=\"bg full-height hide-for-small-only\" style=\"background-image:url('https:\/\/critusa.org\/wp-content\/uploads\/2020\/02\/Quienes-somos-desktop-2.jpg')\"><img decoding=\"async\" src=\"https:\/\/critusa.org\/wp-content\/themes\/Teleton\/images\/spacer.png\" alt=\"Ni\u00f1o jugando con terapeuta\" \/><\/div>\n\t\t\t<\/div>\n\t\t<\/div>\n\t<\/div>\n<\/div>\n\n\n<div class=\"modulo3 color1 zoomtext \">\n\t<div class=\"grid-container set-relative\">\n\t\t<div class=\"grid-x grid-padding-x\">\n\t\t\t<div class=\"small-12 medium-4 cell\">\n\t\t\t\t<h3>MISI\u00d3N<span class=\"sub\">VISI\u00d3N Y VALORES<\/span><\/h3>\n\t\t\t<\/div>\n\t\t\t<div class=\"small-12 medium-8 cell\">\n\t\t\t\t<p><strong>Misi\u00f3n:<\/strong><br \/>\nServir a los ni\u00f1os y las ni\u00f1as con discapacidad neurol\u00f3gica, muscular y esquel\u00e9tica de los Estados Unidos a trav\u00e9s de un programa de rehabilitaci\u00f3n integral, compasivo y de vanguardia enfocado en el tratamiento e inclusi\u00f3n familiar.<\/p>\n<p><strong>Visi\u00f3n:<\/strong><br \/>\nConvertirse en l\u00edder nacional en rehabilitaci\u00f3n pedi\u00e1trica a trav\u00e9s de un enfoque multidisciplinario y hol\u00edstico que contribuya a la inclusi\u00f3n de los ni\u00f1os y ni\u00f1as con discapacidad en la sociedad, mejorando su calidad de vida.<\/p>\n<p><strong>Valores:<\/strong><br \/>\nNuestros principios institucionales gu\u00edan nuestro trabajo y son la base para nuestra labor.<br \/>\nCon estos valores:<br \/>\n&#8211; Amamos a quienes servimos<br \/>\n&#8211; Forjamos una cultura de justicia, derechos e inclusi\u00f3n<br \/>\n&#8211; Somos fieles a nuestra misi\u00f3n<br \/>\n&#8211; Somos responsables y vivimos nuestro trabajo con pasi\u00f3n<br \/>\n&#8211; Generamos ideas creativas y las ponemos en pr\u00e1ctica<br \/>\n&#8211; Somos ingeniosos y estamos comprometidos con la sustentabilidad en todas nuestras acciones<br \/>\n&#8211; Somos generosos y estamos comprometidos con transformar la vida de las familias a las que servimos independientemente de su seguro o capacidad de pago<\/p>\n\t\t\t\t\t\t\t<\/div>\n\t\t<\/div>\n\t<\/div>\n<\/div>\n\n\n<section class=\"head-type1\">\n\t<div class=\"grid-container\">\n\t\t<div class=\"grid-x grid-padding-x\">\n\t\t\t<div class=\"medium-12 cell\">\n\t\t\t\t<h3><span>PATRONATO CRIT<\/span><\/h3>\n\t\t\t<\/div>\n\t\t<\/div>\n\t<\/div>\n<\/section>\n<section class=\"patronato zoomtext\">\n\t<div class=\"default-form\" id=\"patronato-actives\">\n        <div class=\"grid-container\">\n            <div class=\"grid-x grid-padding-x\">\n                <div class=\"small-12 medium-12 large-12 cell\" >\n\t\t\t\t\t<div class=\"board-row\">\n\t\t\t\t\t\t<div class=\"board-member\">\n\t\t\t\t\t\t\t<img decoding=\"async\" src=\"https:\/\/critusa.org\/wp-content\/uploads\/2020\/02\/Fernando_Landeros.jpg\" alt=\"Imagen de Fernando Landeros\" \/>\n\t\t\t\t\t\t\t<h4>Fernando Landeros<\/h4>\n\t\t\t\t\t\t\t<h6>Presidente<\/h6>\n\t\t\t\t\t\t<\/div>\n\t\t\t\t\t\t<div class=\"board-member\">\n\t\t\t\t\t\t\t<img decoding=\"async\" src=\"https:\/\/critusa.org\/wp-content\/uploads\/2020\/02\/Bruce_Grossman-2.jpg\" alt=\"Imagen de Bruce Grossman\" \/>\n\t\t\t\t\t\t\t<h4>Bruce Grossman<\/h4>\n\t\t\t\t\t\t\t<h6>Patrono<\/h6>\n\t\t\t\t\t\t<\/div>\n\t\t\t\t\t\t<div class=\"board-member\">\n\t\t\t\t\t\t\t<img decoding=\"async\" src=\"https:\/\/critusa.org\/wp-content\/uploads\/2020\/02\/Pablo_Legorreta.jpg\" alt=\"Imagen de Pablo Legorreta\" \/>\n\t\t\t\t\t\t\t<h4>Pablo Legorreta<\/h4>\n\t\t\t\t\t\t\t<h6>Patrono<\/h6>\n\t\t\t\t\t\t<\/div>\n\t\t\t\t\t\t<div class=\"board-member\">\n\t\t\t\t\t\t\t<img decoding=\"async\" src=\"https:\/\/critusa.org\/wp-content\/uploads\/2020\/02\/Dr_Alfredo_Quinones.jpg\" alt=\"Imagen de Alfredo Qui\u00f1ones\" \/>\n\t\t\t\t\t\t\t<h4>Alfredo Qui\u00f1ones<\/h4>\n\t\t\t\t\t\t\t<h6>Patrono<\/h6>\n\t\t\t\t\t\t<\/div>\n\t\t\t\t\t\t<div class=\"board-member\">\n\t\t\t\t\t\t\t<img decoding=\"async\" src=\"https:\/\/critusa.org\/wp-content\/uploads\/2020\/02\/Dr_Raul_Rojas.jpg\" alt=\"Imagen de Ra\u00fal Rojas\" \/>\n\t\t\t\t\t\t\t<h4>Ra\u00fal Rojas<\/h4>\n\t\t\t\t\t\t\t<h6>Patrono<\/h6>\n\t\t\t\t\t\t<\/div>\n\t\t\t\t\t<\/div>\n                <\/div>\n            <\/div>\n        <\/div>\n\t<\/div>\n<\/section>\n<section class=\"head-type1\">\n\t<div class=\"grid-container\">\n\t\t<div class=\"grid-x grid-padding-x\">\n\t\t\t<div class=\"medium-12 cell\">\n\t\t\t\t<h3><span>COMIT\u00c9 EJECUTIVO CRIT<\/span><\/h3>\n\t\t\t<\/div>\n\t\t<\/div>\n\t<\/div>\n<\/section>\n<section class=\"patronato zoomtext\">\n\t<div class=\"default-form\" id=\"patronato-actives\">\n        <div class=\"grid-container\">\n            <div class=\"grid-x grid-padding-x\">\n                <div class=\"small-12 medium-12 large-12 cell\" >\n\t\t\t\t\t<div class=\"board-row second\">\n\t\t\t\t\t\t<div class=\"board-member\">\n\t\t\t\t\t\t\t<img decoding=\"async\" src=\"https:\/\/critusa.org\/wp-content\/uploads\/2020\/02\/Fernando_Landeros.jpg\" alt=\"Imagen de Fernando Landeros\" \/>\n\t\t\t\t\t\t\t<h4>Fernando Landeros<\/h4>\n\t\t\t\t\t\t\t<h6>Miembro Ejecutivo<\/h6>\n\t\t\t\t\t\t<\/div>\n\t\t\t\t\t\t<div class=\"board-member\">\n\t\t\t\t\t\t\t<img decoding=\"async\" src=\"https:\/\/critusa.org\/wp-content\/uploads\/2020\/02\/Tyree_Collier.jpg\" alt=\"Imagen de Tyree Collier\" \/>\n\t\t\t\t\t\t\t<h4>Tyree Collier<\/h4>\n\t\t\t\t\t\t\t<h6>Miembro Ejecutivo<\/h6>\n\t\t\t\t\t\t<\/div>\n\t\t\t\t\t\t<div class=\"board-member\">\n\t\t\t\t\t\t\t<img decoding=\"async\" src=\"https:\/\/critusa.org\/wp-content\/uploads\/2020\/02\/RossaCorona.jpg\" alt=\"Imagen de Rossana Corona\" \/>\n\t\t\t\t\t\t\t<h4>Rossana Corona<\/h4>\n\t\t\t\t\t\t\t<h6>Miembro Ejecutivo<\/h6>\n\t\t\t\t\t\t<\/div>\n\t\t\t\t\t\t<div class=\"board-member\">\n\t\t\t\t\t\t\t<img decoding=\"async\" src=\"https:\/\/critusa.org\/wp-content\/uploads\/2021\/09\/Fica-01.jpg\" alt=\"Imagen de Federica Soriano\" \/>\n\t\t\t\t\t\t\t<h4>Federica Soriano<\/h4>\n\t\t\t\t\t\t\t<h6>Miembro Ejecutivo<\/h6>\n\t\t\t\t\t\t<\/div>\n\t\t\t\t\t<\/div>\n                <\/div>\n            <\/div>\n        <\/div>\n\t<\/div>\n<\/section>\n\t<section class=\"head-type1\">\n\t<div class=\"grid-container\">\n\t\t<div class=\"grid-x grid-padding-x\">\n\t\t\t<div class=\"medium-12 cell\">\n\t\t\t\t<h3><span>CONSEJO CONSULTIVO<\/span><\/h3>\n\t\t\t<\/div>\n\t\t<\/div>\n\t<\/div>\n<\/section>\n<section class=\"patronato zoomtext\">\n\t<div class=\"default-form\" id=\"patronato-actives\">\n        <div class=\"grid-container\">\n            <div class=\"grid-x grid-padding-x\">\n                <div class=\"small-12 medium-12 large-12 cell\" >\n\t\t\t\t\t<div class=\"board-row\">\n\t\t\t\t\t\t<div class=\"board-member\">\n\t\t\t\t\t\t\t<img decoding=\"async\" src=\"https:\/\/critusa.org\/wp-content\/themes\/Teleton\/images\/advisory-board\/carlos-ayala.png\" alt=\"Carlos Ayala\" \/>\n\t\t\t\t\t\t\t<h4>Carlos Ayala<\/h4>\n\t\t\t\t\t\t\t<h6 style=\"margin-bottom:3px;\">Director General de Insurance Network<\/h6>\n\t\t\t\t\t\t\t<h4 style=\"font-weight:normal; font-style:italic; font-size:12px; margin-top:7px\">Benefactor del CRIT<\/h4>\n\t\t\t\t\t\t<\/div>\n\t\t\t\t\t\t<div class=\"board-member\">\n\t\t\t\t\t\t\t<img decoding=\"async\" src=\"https:\/\/critusa.org\/wp-content\/themes\/Teleton\/images\/advisory-board\/gilbert_castillo.png\" alt=\"Gilbert Castillo Jr.\" \/>\n\t\t\t\t\t\t\t<h4>Gilbert Castillo Jr.<\/h4>\n\t\t\t\t\t\t\t<h6 style=\"margin-bottom:3px; \">Director de Planes de Jubilaci\u00f3n<\/h6>\n\t\t\t\t\t\t\t<h4 style=\"font-weight:normal; font-style:italic\">&nbsp;<\/h4>\n\t\t\t\t\t\t<\/div>\n\t\t\t\t\t\t<div class=\"board-member\">\n\t\t\t\t\t\t\t<img decoding=\"async\" src=\"https:\/\/critusa.org\/wp-content\/themes\/Teleton\/images\/advisory-board\/thelma_delacruz.png\" alt=\"Thelma de la Cruz\" \/>\n\t\t\t\t\t\t\t<h4>Thelma de la Cruz<\/h4>\n\t\t\t\t\t\t\t<h6 style=\"margin-bottom:3px; \">Directora de la Gala Mexicana del CRIT<\/h6>\n\t\t\t\t\t\t\t<h4 style=\"font-weight:normal; font-style:italic\">&nbsp;<\/h4>\n\t\t\t\t\t\t<\/div>\n\t\t\t\t\t\t<div class=\"board-member\">\n\t\t\t\t\t\t\t<img decoding=\"async\" src=\"https:\/\/critusa.org\/wp-content\/themes\/Teleton\/images\/advisory-board\/elisa_diaz.png\" alt=\"Elisa D\u00edaz\" \/>\n\t\t\t\t\t\t\t<h4>Elisa D\u00edaz<\/h4>\n\t\t\t\t\t\t\t<h6 style=\"margin-bottom:3px; \">Representante de Familias del CRIT<\/h6>\n\t\t\t\t\t\t\t<h4 style=\"font-weight:normal; font-style:italic\">&nbsp;<\/h4>\n\t\t\t\t\t\t<\/div>\n\t\t\t\t\t\t<div class=\"board-member\">\n\t\t\t\t\t\t\t<img decoding=\"async\" src=\"https:\/\/critusa.org\/wp-content\/themes\/Teleton\/images\/advisory-board\/alberto-garcia.png\" alt=\"Alberto Garc\u00eda-Jurado\" \/>\n\t\t\t\t\t\t\t<h4>Alberto Garcia-Jurado<\/h4>\n\t\t\t\t\t\t\t<h6 style=\"margin-bottom:3px \">Director General de InZynch LLC<\/h6>\n\t\t\t\t\t\t\t<h4 style=\"font-weight:normal; font-style:italic; font-size:12px; margin-top:7px\">Planificador Estrat\u00e9gico del CRIT<\/h4>\n\t\t\t\t\t\t<\/div>\n\t\t\t\t\t\t<div class=\"board-member\">\n\t\t\t\t\t\t\t<img decoding=\"async\" src=\"https:\/\/critusa.org\/wp-content\/themes\/Teleton\/images\/advisory-board\/jeff-goldblatt.png\" alt=\"Jeff Goldblatt\" \/>\n\t\t\t\t\t\t\t<h4>Jeff Goldblatt<\/h4>\n\t\t\t\t\t\t\t<h6 style=\"margin-bottom:3px \">Fundador de Jeff\u2019s Journey<\/h6>\n\t\t\t\t\t\t\t<h4 style=\"font-weight:normal; font-style:italic; font-size:12px; margin-top:7px\">Embajador del CRIT<\/h4>\n\t\t\t\t\t\t<\/div>\n\t\t\t\t\t\t<div class=\"board-member\">\n\t\t\t\t\t\t\t<img decoding=\"async\" src=\"https:\/\/critusa.org\/wp-content\/themes\/Teleton\/images\/advisory-board\/xavier_gonzalez.png\" alt=\"Xavier Gonz\u00e1lez\" \/>\n\t\t\t\t\t\t\t<h4>Xavier Gonz\u00e1lez<\/h4>\n\t\t\t\t\t\t\t<h6 style=\"margin-bottom:3px \">Gerente de Mercadotecnia de SERVPRO of Braun Station<\/h6>\n\t\t\t\t\t\t\t<h4 style=\"font-weight:normal; font-style:italic\">&nbsp;<\/h4>\n\t\t\t\t\t\t<\/div>\n\t\t\t\t\t<\/div>\n\t\t\t\t\t<div class=\"board-row\">\n\t\t\t\t\t\t<div class=\"board-member\">\n\t\t\t\t\t\t\t<img decoding=\"async\" src=\"https:\/\/critusa.org\/wp-content\/themes\/Teleton\/images\/advisory-board\/javier_lopez.png\" alt=\"Javier L\u00f3pez de Obeso\" \/>\n\t\t\t\t\t\t\t<h4>Javier L\u00f3pez de Obeso<\/h4>\n\t\t\t\t\t\t\t<h6 style=\"margin-bottom:3px \">F&#038;C Consulting Group<\/h6>\n\t\t\t\t\t\t\t<h4 style=\"font-weight:normal; font-style:italic\">&nbsp;<\/h4>\n\t\t\t\t\t\t<\/div>\n\t\t\t\t\t\t<div class=\"board-member\">\n\t\t\t\t\t\t\t<img decoding=\"async\" src=\"https:\/\/critusa.org\/wp-content\/themes\/Teleton\/images\/advisory-board\/howie-nestel.png\" alt=\"Howie Nestel\" \/>\n\t\t\t\t\t\t\t<h4>Howie Nestel<\/h4>\n\t\t\t\t\t\t\t<h6 style=\"margin-bottom:3px \">Presidente de Sharkmatic<\/h6>\n\t\t\t\t\t\t\t<h4 style=\"font-weight:normal; font-style:italic; font-size:12px; margin-top:7px\">Embajador del CRIT<\/h4>\n\t\t\t\t\t\t<\/div>\n\t\t\t\t\t\t<div class=\"board-member\">\n\t\t\t\t\t\t\t<img decoding=\"async\" src=\"https:\/\/critusa.org\/wp-content\/themes\/Teleton\/images\/advisory-board\/tirza-nestel.png\" alt=\"Tirza Nestel\" \/>\n\t\t\t\t\t\t\t<h4>Tirza Nestel<\/h4>\n\t\t\t\t\t\t\t<h6 style=\"margin-bottom:3px \">Nutricionista<\/h6>\n\t\t\t\t\t\t\t<h4 style=\"font-weight:normal; font-style:italic; font-size:12px; margin-top:7px\">Benefactor del CRIT<\/h4>\n\t\t\t\t\t\t<\/div>\n\t\t\t\t\t\t<div class=\"board-member\">\n\t\t\t\t\t\t\t<img decoding=\"async\" src=\"https:\/\/critusa.org\/wp-content\/themes\/Teleton\/images\/advisory-board\/timothy-ogrady.png\" alt=\"Timothy OGrady\" \/>\n\t\t\t\t\t\t\t<h4>Timothy OGrady<\/h4>\n\t\t\t\t\t\t\t<h6 style=\"margin-bottom:3px \">Ejecutivo de Cuenta de Spurs Sports &#038; Entertainment<\/h6>\n\t\t\t\t\t\t\t<h4 style=\"font-weight:normal; font-style:italic; font-size:12px; margin-top:7px\">Benefactor del CRIT<\/h4>\n\t\t\t\t\t\t<\/div>\n\t\t\t\t\t\t<div class=\"board-member\">\n\t\t\t\t\t\t\t<img decoding=\"async\" src=\"https:\/\/critusa.org\/wp-content\/themes\/Teleton\/images\/advisory-board\/barbara_reyes.png\" alt=\"Barbara Reyes\" \/>\n\t\t\t\t\t\t\t<h4>Barbara Reyes<\/h4>\n\t\t\t\t\t\t\t<h6 style=\"margin-bottom:3px \">Directora de la Gala del CRIT<\/h6>\n\t\t\t\t\t\t\t<h4 style=\"font-weight:normal; font-style:italic\">&nbsp;<\/h4>\n\t\t\t\t\t\t<\/div>\n\t\t\t\t\t\t<div class=\"board-member\">\n\t\t\t\t\t\t\t<img decoding=\"async\" src=\"https:\/\/critusa.org\/wp-content\/themes\/Teleton\/images\/advisory-board\/jenevy-sims.png\" alt=\"Jenevy Sims\" \/>\n\t\t\t\t\t\t\t<h4>Jenevy Sims<\/h4>\n\t\t\t\t\t\t\t<h6 style=\"margin-bottom:3px \">Due\u00f1a de The Evolve Firm<\/h6>\n\t\t\t\t\t\t\t<h4 style=\"font-weight:normal; font-style:italic; font-size:12px; margin-top:7px\">Benefactor del CRIT<\/h4>\n\t\t\t\t\t\t<\/div>\n\t\t\t\t\t\t<div class=\"board-member\">\n\t\t\t\t\t\t\t<img decoding=\"async\" src=\"https:\/\/critusa.org\/wp-content\/themes\/Teleton\/images\/advisory-board\/hiram_skaggs.png\" alt=\"Hiram Skaggs\" \/>\n\t\t\t\t\t\t\t<h4>Hiram Skaggs<\/h4>\n\t\t\t\t\t\t\t<h6 style=\"margin-bottom:3px \">Director de Seguridad de Fun And Moving<\/h6>\n\t\t\t\t\t\t\t<h4 style=\"font-weight:normal; font-style:italic\">&nbsp;<\/h4>\n\t\t\t\t\t\t<\/div>\n\t\t\t\t\t\t<div class=\"board-member\">\n\t\t\t\t\t\t\t<img decoding=\"async\" src=\"https:\/\/critusa.org\/wp-content\/themes\/Teleton\/images\/advisory-board\/perla-villanueva.png\" alt=\"Perla Villanueva\" \/>\n\t\t\t\t\t\t\t<h4>Perla Villanueva<\/h4>\n\t\t\t\t\t\t\t<h6 style=\"margin-bottom:3px \">Representante de Familias del CRIT<\/h6>\n\t\t\t\t\t\t\t<h4 style=\"font-weight:normal; font-style:italic\">&nbsp;<\/h4>\n\t\t\t\t\t\t<\/div>\n\t\t\t\t\t<\/div>\n                <\/div>\n            <\/div>\n        <\/div>\n\t<\/div>\n<\/section>\n\n\n<section class=\"head-type1\">\n\t<div class=\"grid-container\">\n\t\t<div class=\"grid-x grid-padding-x\">\n\t\t\t<div class=\"medium-12 cell\">\n\t\t\t\t<h3><span>UBICACI\u00d3N<\/span><\/h3>\n\t\t\t<\/div>\n\t\t\t<div class=\"medium-10 medium-offset-1 cell zoomtext\">\n\t\t\t\t<!--<p>Cada a\u00f1o, CRIT beneficia a cientos de ni\u00f1os y ni\u00f1as con discapacidad, brindando servicios que promueven su pleno desarrollo e inclusi\u00f3n en la sociedad.<\/p>-->\n\t\t\t<\/div>\n\t\t<\/div>\n\t<\/div>\n<\/section>\n<section class=\"crits-selector zoomtext\">\n\t<div class=\"default-form\" id=\"crit-active\">\n\t\t<div class=\"grid-container map-component \">\n\t<div class=\"grid-x\" data-equalizer data-equalize-on=\"medium\" id=\"map\">\n\t\t<div class=\"medium-7 large-8 cell\" >\n\t\t\t<div class=\"map1\" data-equalizer-watch>\n\t\t\t\t<iframe loading=\"lazy\" src=\"https:\/\/www.google.com\/maps\/embed?pb=!1m14!1m8!1m3!1d21712.61841127558!2d-98.39509393647421!3d29.537753304423244!3m2!1i1024!2i768!4f13.1!3m3!1m2!1s0x0%3A0xc6b9e4b7062ab8b7!2sTelet%C3%B3n%20USA%20Children&#39;s%20Rehabilitation%20Center!5e0!3m2!1sen!2smx!4v1581439176297!5m2!1sen!2smx\" width=\"100%\" height=\"100%\" frameborder=\"0\" style=\"border:0;\" allowfullscreen=\"\"><\/iframe>\n\t\t\t<\/div>\n\t\t<\/div>\n\t\t<div class=\"medium-4 large-3 cell\" >\n\t\t\t<div class=\"crit-data ubicacion\" data-equalizer-watch>\n\t\t\t\t<h4>Children&#8217;s Rehabilitation Institute TeletonUSA<\/h4><br\/>\n\t\t\t\t<p><strong>Ubicaci\u00f3n:<\/strong><br \/>\n10839 Quarry Park, San Antonio, TX, 78233<\/p>\n<p><strong>Tel\u00e9fono:<\/strong><br \/>\n(210) 257-6260 <\/p>\n<p><strong>Horarios:<\/strong><br \/>\nLunes &#8211; Viernes: 8:00 AM &#8211; 4:30 PM <\/p>\n\t\t\t<\/div>\n\t\t<\/div>\n\t<\/div>\n<\/div>\n\t<\/div>\n<\/section>\n","protected":false},"excerpt":{"rendered":"","protected":false},"author":5,"featured_media":0,"parent":0,"menu_order":0,"comment_status":"closed","ping_status":"closed","template":"page-templates\/interna.php","meta":{"pgc_sgb_lightbox_settings":"","footnotes":""},"yst_prominent_words":[],"acf":[],"_links":{"self":[{"href":"https:\/\/critusa.org\/es\/wp-json\/wp\/v2\/pages\/3213"}],"collection":[{"href":"https:\/\/critusa.org\/es\/wp-json\/wp\/v2\/pages"}],"about":[{"href":"https:\/\/critusa.org\/es\/wp-json\/wp\/v2\/types\/page"}],"author":[{"embeddable":true,"href":"https:\/\/critusa.org\/es\/wp-json\/wp\/v2\/users\/5"}],"replies":[{"embeddable":true,"href":"https:\/\/critusa.org\/es\/wp-json\/wp\/v2\/comments?post=3213"}],"version-history":[{"count":30,"href":"https:\/\/critusa.org\/es\/wp-json\/wp\/v2\/pages\/3213\/revisions"}],"predecessor-version":[{"id":17082,"href":"https:\/\/critusa.org\/es\/wp-json\/wp\/v2\/pages\/3213\/revisions\/17082"}],"wp:attachment":[{"href":"https:\/\/critusa.org\/es\/wp-json\/wp\/v2\/media?parent=3213"}],"wp:term":[{"taxonomy":"yst_prominent_words","embeddable":true,"href":"https:\/\/critusa.org\/es\/wp-json\/wp\/v2\/yst_prominent_words?post=3213"}],"curies":[{"name":"wp","href":"https:\/\/api.w.org\/{rel}","templated":true}]}}