{"id":3229,"date":"2020-02-05T15:39:23","date_gmt":"2020-02-05T21:39:23","guid":{"rendered":"https:\/\/teleton.design\/?page_id=3229"},"modified":"2023-06-28T11:42:49","modified_gmt":"2023-06-28T17:42:49","slug":"apoyausa","status":"publish","type":"page","link":"https:\/\/critusa.org\/es\/apoyausa\/","title":{"rendered":"Apoya"},"content":{"rendered":"<div class=\"modulo1 zoomtext margin-module1\">\n\t<div class=\"grid-container set-relative\">\n\t\t<div class=\"grid-x grid-padding-x\">\n\t\t\t<div class=\"small-12 medium-9 cell \" >\n\t\t\t<img alt=\"Ni\u00f1a tomando terapia\"  data-interchange=\"[https:\/\/critusa.org\/wp-content\/uploads\/2020\/02\/Dona-movil.jpg, small], [https:\/\/critusa.org\/wp-content\/uploads\/2020\/02\/Dona.jpg, medium], [https:\/\/critusa.org\/wp-content\/uploads\/2020\/02\/Dona.jpg, large]\">\n\t\t\t<\/div>\n\t\t<\/div>\n\t\t<div class=\"content\">\n\t\t\t<div class=\"grid-x grid-padding-x set-bottom\">\n\t\t\t\t<div class=\"medium-offset-5 medium-7 large-offset-6 large-6 cell\">\n\t\t\t\t\t<div class=\"container-info full-height\">\n\t\t\t\t\t\t<div class=\"info \">\n\t\t\t\t\t\t\t<h2 class=\"size-medium\">Apoya<\/h2>\n\t\t\t\t\t\t\t<p>Tu contribuci\u00f3n hace la diferencia. <br \/>\r\n<br \/>\r\nNos permite brindar servicios a ni\u00f1os con discapacidad y a sus familias. <br \/>\r\n<br \/>\r\nT\u00fa puedes apoyar haciendo una donaci\u00f3n, recaudando fondos en tu comunidad o uni\u00e9ndote al equipo de voluntarios del CRIT.<\/p>\n\t\t\t\t\t\t<\/div>\n\t\t\t\t\t<\/div>\n\t\t\t\t<\/div>\n\t\t\t<\/div>\n\t\t<\/div>\n\t<\/div>\n<\/div>\n\n\n<section class=\"modulo4 zoomtext\">\n\t<div class=\"grid-container\">\n\t\t<div class=\"grid-x grid-padding-x\" data-equalizer data-equalize-on=\"medium\" id=\"Dona\">\n\t\t\t\t\t\t\t<div class=\"medium-6 cell full-height\">\n\t\t\t\t\t<div class=\"modulo4-item\">\n\t\t\t\t\t\t<img decoding=\"async\" src=\"https:\/\/critusa.org\/wp-content\/uploads\/2020\/02\/En-linea.jpg\" alt=\"Ni\u00f1o con doctora jugando \" \/>\n\t\t\t\t\t\t<div class=\"info\" data-equalizer-watch>\n\t\t\t\t\t\t\t<p><strong>Donaci\u00f3n en l\u00ednea<\/strong><\/p>\n<p>La donaci\u00f3n en l\u00ednea es la manera m\u00e1s r\u00e1pida de apoyar a todas las familias atendidas por Fundaci\u00f3n Telet\u00f3n.<\/p>\n<p><strong>\u00bfC\u00f3mo participar?<\/strong><\/p>\n<p>Entra a critusa.org, sigue las instrucciones y en menos de dos minutos habr\u00e1s contribuido para mejorar la calidad de vida de un ni\u00f1o, ni\u00f1a o adolescente con discapacidad.<\/p>\n\t\t\t\t\t\t\t\t\t\t\t\t\t\t<a href=\"https:\/\/critusa.org\/donar\/\" title=\"\u00a1Dona aqu\u00ed!\"\n\t\t\t\t\t\t\t\ttarget=\"_self\" class=\"more-info\">\u00a1Dona aqu\u00ed!<\/a>\n\t\t\t\t\t\t\t\t\t\t\t\t\t<\/div>\n\t\t\t\t\t<\/div>\n\t\t\t\t<\/div>\n\t\t\t\t\t\t\t<div class=\"medium-6 cell full-height\">\n\t\t\t\t\t<div class=\"modulo4-item\">\n\t\t\t\t\t\t<img decoding=\"async\" src=\"https:\/\/critusa.org\/wp-content\/uploads\/2020\/02\/En-persona.jpg\" alt=\"Ni\u00f1o con doctor en terapia\" \/>\n\t\t\t\t\t\t<div class=\"info\" data-equalizer-watch>\n\t\t\t\t\t\t\t<p><strong>Donaci\u00f3n en persona<\/strong><\/p>\n<p>La donaci\u00f3n en persona es una gran manera de apoyar a todas las familias atendidas en CRIT.<\/p>\n<p><strong>\u00bfC\u00f3mo participar?<\/strong><\/p>\n<p>Si est\u00e1s en San Antonio, visita CRIT. Con tu donativo, contribuir\u00e1s para mejorar la calidad de vida de un ni\u00f1o, ni\u00f1a o adolescente con discapacidad.<\/p>\n\t\t\t\t\t\t\t\t\t\t\t\t\t\t<a href=\"\/es\/crit\/?\" title=\"CRIT\"\n\t\t\t\t\t\t\t\ttarget=\"_self\" class=\"more-info\">CRIT<\/a>\n\t\t\t\t\t\t\t\t\t\t\t\t\t<\/div>\n\t\t\t\t\t<\/div>\n\t\t\t\t<\/div>\n\t\t\t\t\t\t\t<div class=\"medium-6 cell full-height\">\n\t\t\t\t\t<div class=\"modulo4-item\">\n\t\t\t\t\t\t<img decoding=\"async\" src=\"https:\/\/critusa.org\/wp-content\/uploads\/2020\/02\/Correo.jpg\" alt=\"Doctora sonriendo a la c\u00e1mara\" \/>\n\t\t\t\t\t\t<div class=\"info\" data-equalizer-watch>\n\t\t\t\t\t\t\t<p><strong>Donaci\u00f3n por correo<\/strong><\/p>\n<p>\u00a1No importa la distancia! La donaci\u00f3n por correo es una manera segura de apoyar a todas las familias atendidas por CRIT.<\/p>\n<p><strong>\u00bfC\u00f3mo participar?<\/strong><\/p>\n<p>Env\u00eda tu donaci\u00f3n por correo a 10839 Quarry Park, San Antonio, TX 78233.<\/p>\n\t\t\t\t\t\t\t\t\t\t\t\t\t<\/div>\n\t\t\t\t\t<\/div>\n\t\t\t\t<\/div>\n\t\t\t\t\t\t\t<div class=\"medium-6 cell full-height\">\n\t\t\t\t\t<div class=\"modulo4-item\">\n\t\t\t\t\t\t<img decoding=\"async\" src=\"https:\/\/critusa.org\/wp-content\/uploads\/2020\/02\/Telefono.jpg\" alt=\"Ni\u00f1o con doctora en terapia\" \/>\n\t\t\t\t\t\t<div class=\"info\" data-equalizer-watch>\n\t\t\t\t\t\t\t<p><strong>Donaci\u00f3n por tel\u00e9fono<\/strong><\/p>\n<p>Dona ahora desde tu celular, es r\u00e1pido, f\u00e1cil y seguro.<\/p>\n<p><strong>\u00bfC\u00f3mo participar?<\/strong><\/p>\n<p>Comun\u00edcate al <span class=\"s1\">(210) 257-6260 <\/span>o env\u00eda un mensaje de texto con la palabra \u201cTELETON\u201d al 20-222 para donar $25.<\/p>\n\t\t\t\t\t\t\t\t\t\t\t\t\t<\/div>\n\t\t\t\t\t<\/div>\n\t\t\t\t<\/div>\n\t\t\t\t\t\t\t<div class=\"medium-6 cell full-height\">\n\t\t\t\t\t<div class=\"modulo4-item\">\n\t\t\t\t\t\t<img decoding=\"async\" src=\"https:\/\/critusa.org\/wp-content\/uploads\/2020\/02\/Padrino-USA-movil.jpg\" alt=\"Logo y texto \"Padrinos Telet\u00f3nUSA\"\" \/>\n\t\t\t\t\t\t<div class=\"info\" data-equalizer-watch>\n\t\t\t\t\t\t\t<p><strong>Padrinos TeletonUSA<\/strong><\/p>\n<p>Padrinos TeletonUSA brinda a nuestros donadores y donadoras la oportunidad de contribuir, mensualmente, al tratamiento de un ni\u00f1o, ni\u00f1a o adolescente con discapacidad.<\/p>\n<p><strong>\u00bfC\u00f3mo participar?<\/strong><\/p>\n<p>Inscr\u00edbete desde $0.63 d\u00f3lares diarios y convi\u00e9rtete en padrino o madrina. A trav\u00e9s de las compa\u00f1\u00edas de seguros cubrimos \u00fanicamente entre el 30 % y 40 % del costo de los servicios que reciben nuestros ni\u00f1os. El resto se cubre gracias a la generosidad de personas como t\u00fa.<\/p>\n\t\t\t\t\t\t\t\t\t\t\t\t\t\t<a href=\"\/es\/dream-maker\" title=\"\u00a1\u00danete!\"\n\t\t\t\t\t\t\t\ttarget=\"_self\" class=\"more-info\">\u00a1\u00danete!<\/a>\n\t\t\t\t\t\t\t\t\t\t\t\t\t<\/div>\n\t\t\t\t\t<\/div>\n\t\t\t\t<\/div>\n\t\t\t\t\t\t\t<div class=\"medium-6 cell full-height\">\n\t\t\t\t\t<div class=\"modulo4-item\">\n\t\t\t\t\t\t<img decoding=\"async\" src=\"https:\/\/critusa.org\/wp-content\/uploads\/2021\/04\/544-x-192-pixeles.jpg\" alt=\"Logo y texto \"Alcand\u00eda Digital Telet\u00f3n\"\" \/>\n\t\t\t\t\t\t<div class=\"info\" data-equalizer-watch>\n\t\t\t\t\t\t\t<p><strong>Alcanc\u00eda Digital<\/strong><\/p>\n<p>Alcanc\u00eda Digital es la plataforma de recaudaci\u00f3n de fondos <span class=\"s1\">del <\/span><span class=\"s2\">CRIT. Cada <\/span><span class=\"s1\">d\u00f3lar <\/span>recaudado ser\u00e1 destinado al funcionamiento del Centro de Rehabilitaci\u00f3n Infantil TeletonUSA (CRIT), en los Estados Unidos.<\/p>\n<p><strong>\u00bfC\u00f3mo participar?<\/strong><\/p>\n<p>Al inscribirte podr\u00e1s invitar a tus amigos y amigas a donar en l\u00ednea, organizando actividades o entregando premios en agradecimiento por cada donaci\u00f3n. Tambi\u00e9n podr\u00e1s unirte y donar a las iniciativas de otras personas.<\/p>\n\t\t\t\t\t\t\t\t\t\t\t\t\t\t<a href=\"http:\/\/www.alcanciadigitalteleton.org\" title=\"Alcanc\u00eda Digital\"\n\t\t\t\t\t\t\t\ttarget=\"_self\" class=\"more-info\">Alcanc\u00eda Digital<\/a>\n\t\t\t\t\t\t\t\t\t\t\t\t\t<\/div>\n\t\t\t\t\t<\/div>\n\t\t\t\t<\/div>\n\t\t\t\t\t\t\t<div class=\"medium-6 cell full-height\">\n\t\t\t\t\t<div class=\"modulo4-item\">\n\t\t\t\t\t\t<img decoding=\"async\" src=\"https:\/\/critusa.org\/wp-content\/uploads\/2021\/05\/boteo-01.jpg\" alt=\"Log y texto \"Heroes for Crit\"\" \/>\n\t\t\t\t\t\t<div class=\"info\" data-equalizer-watch>\n\t\t\t\t\t\t\t<p><strong>Heroes for CRIT<\/strong><\/p>\n<p>Heroes for CRIT es un programa de boteo en el que voluntarios recaudan fondos, presencialmente, para la causa.<\/p>\n<p><strong>\u00bfC\u00f3mo participar?<\/strong><\/p>\n<p>Solicita informes o inscr\u00edbete enviando un correo a <a href=\"mailto:heroes@critusa.org\">heroes@critusa.org<\/a> o <a href=\"mailto:boteo@critusa.org\">boteo@critusa.org<\/a>.<\/p>\n\t\t\t\t\t\t\t\t\t\t\t\t\t\t<a href=\"mailto:heroes@critusa.org\" title=\"\u00a1Inscr\u00edbete!\"\n\t\t\t\t\t\t\t\ttarget=\"_self\" class=\"more-info\">\u00a1Inscr\u00edbete!<\/a>\n\t\t\t\t\t\t\t\t\t\t\t\t\t<\/div>\n\t\t\t\t\t<\/div>\n\t\t\t\t<\/div>\n\t\t\t\t\t\t\t<div class=\"medium-6 cell full-height\">\n\t\t\t\t\t<div class=\"modulo4-item\">\n\t\t\t\t\t\t<img decoding=\"async\" src=\"https:\/\/critusa.org\/wp-content\/uploads\/2020\/06\/tienda.jpg\" alt=\"\" \/>\n\t\t\t\t\t\t<div class=\"info\" data-equalizer-watch>\n\t\t\t\t\t\t\t<p><strong>Compra mercanc\u00eda oficial<\/strong><\/p>\n<p>Al comprar productos oficiales del CRIT y TeletonUSA, apoyas el proceso de rehabilitaci\u00f3n de cientos de ni\u00f1os, ni\u00f1as y adolescentes con discapacidad en los Estados Unidos.<\/p>\n<p><strong>\u00bfC\u00f3mo participar?<\/strong><\/p>\n<p>Haz clic en el enlace de abajo para hacer tu compra. Env\u00edos exclusivos dentro de los Estados Unidos.<\/p>\n\t\t\t\t\t\t\t\t\t\t\t\t\t\t<a href=\"\/es\/store\" title=\"Hacer compra\"\n\t\t\t\t\t\t\t\ttarget=\"_self\" class=\"more-info\">Hacer compra<\/a>\n\t\t\t\t\t\t\t\t\t\t\t\t\t<\/div>\n\t\t\t\t\t<\/div>\n\t\t\t\t<\/div>\n\t\t\t\t\t<\/div>\n\t<\/div>\n<\/section>\n","protected":false},"excerpt":{"rendered":"","protected":false},"author":5,"featured_media":0,"parent":0,"menu_order":0,"comment_status":"closed","ping_status":"closed","template":"page-templates\/interna.php","meta":{"pgc_sgb_lightbox_settings":"","footnotes":""},"yst_prominent_words":[],"acf":[],"_links":{"self":[{"href":"https:\/\/critusa.org\/es\/wp-json\/wp\/v2\/pages\/3229"}],"collection":[{"href":"https:\/\/critusa.org\/es\/wp-json\/wp\/v2\/pages"}],"about":[{"href":"https:\/\/critusa.org\/es\/wp-json\/wp\/v2\/types\/page"}],"author":[{"embeddable":true,"href":"https:\/\/critusa.org\/es\/wp-json\/wp\/v2\/users\/5"}],"replies":[{"embeddable":true,"href":"https:\/\/critusa.org\/es\/wp-json\/wp\/v2\/comments?post=3229"}],"version-history":[{"count":2012,"href":"https:\/\/critusa.org\/es\/wp-json\/wp\/v2\/pages\/3229\/revisions"}],"predecessor-version":[{"id":20807,"href":"https:\/\/critusa.org\/es\/wp-json\/wp\/v2\/pages\/3229\/revisions\/20807"}],"wp:attachment":[{"href":"https:\/\/critusa.org\/es\/wp-json\/wp\/v2\/media?parent=3229"}],"wp:term":[{"taxonomy":"yst_prominent_words","embeddable":true,"href":"https:\/\/critusa.org\/es\/wp-json\/wp\/v2\/yst_prominent_words?post=3229"}],"curies":[{"name":"wp","href":"https:\/\/api.w.org\/{rel}","templated":true}]}}