{"id":3258,"date":"2020-02-07T16:35:00","date_gmt":"2020-02-07T22:35:00","guid":{"rendered":"https:\/\/teleton.design\/?page_id=3258"},"modified":"2024-11-13T10:26:21","modified_gmt":"2024-11-13T16:26:21","slug":"padrinos","status":"publish","type":"page","link":"https:\/\/critusa.org\/es\/padrinos\/","title":{"rendered":"Padrinos"},"content":{"rendered":"<div class=\"modulo1 zoomtext offset-bottom\">\n\t<div class=\"grid-container set-relative\">\n\t\t<div class=\"grid-x grid-padding-x\">\n\t\t\t<div class=\"small-12 medium-9 cell \" >\n\t\t\t<img alt=\"Burbuja\"  data-interchange=\"[https:\/\/critusa.org\/wp-content\/uploads\/2020\/02\/teleton-USA-movil.jpg, small], [https:\/\/critusa.org\/wp-content\/uploads\/2020\/02\/teleton-USA.jpg, medium], [https:\/\/critusa.org\/wp-content\/uploads\/2020\/02\/teleton-USA.jpg, large]\">\n\t\t\t<\/div>\n\t\t<\/div>\n\t\t<div class=\"content\">\n\t\t\t<div class=\"grid-x grid-padding-x set-bottom\">\n\t\t\t\t<div class=\"medium-offset-5 medium-7 large-offset-6 large-6 cell\">\n\t\t\t\t\t<div class=\"container-info full-height\">\n\t\t\t\t\t\t<div class=\"info \">\n\t\t\t\t\t\t\t<h2 class=\"size-medium\">Padrinos <span class=\"sub\">TeletonUSA<\/span><\/h2>\n\t\t\t\t\t\t\t<p>Nuestro programa Padrinos ofrece una manera sencilla e impactante de contribuir a TeletonUSA. Al comprometerse con una donaci\u00f3n mensual de 25 d\u00f3lares, equivalente a s\u00f3lo 83 centavos al d\u00eda, las personas se convierten en Padrino o Madrina. Este programa permite a los donantes hacer una contribuci\u00f3n m\u00e1s sustancial y sostenida de manera recurrente y pueden modificarla en cualquier momento.<br \/>\r\n<br \/>\r\nPara m\u00e1s informaci\u00f3n, por favor llama al 1 888 677 3030 o env\u00eda un correo electr\u00f3nico a padrinos@teletonusa.org.<\/p>\n\t\t\t\t\t\t<\/div>\n\t\t\t\t\t<\/div>\n\t\t\t\t<\/div>\n\t\t\t<\/div>\n\t\t<\/div>\n\t<\/div>\n<\/div>\n\n\n<div class=\"modulo3 color1 zoomtext \">\n\t<div class=\"grid-container set-relative\">\n\t\t<div class=\"grid-x grid-padding-x\">\n\t\t\t<div class=\"small-12 medium-4 cell\">\n\t\t\t\t<h3><span class=\"sub\">Convi\u00e9rtete en donador mensual<\/span><\/h3>\n\t\t\t<\/div>\n\t\t\t<div class=\"small-12 medium-8 cell\">\n\t\t\t\t<p>Los fondos recaudados a trav\u00e9s del programa Padrinos desempe\u00f1an un papel crucial en el apoyo directo a los ni\u00f1os y las familias que reciben servicios de rehabilitaci\u00f3n en el Centro de Rehabilitaci\u00f3n Infantil Telet\u00f3nUSA (CRIT). <\/p>\n<p>Al convertirse en padrino o madrina, las personas proporcionan un apoyo financiero esencial y experimentan la satisfacci\u00f3n de dar mensualmente. Este compromiso regular les permite ver el impacto tangible y duradero que est\u00e1n teniendo en las vidas de quienes apoyan. <\/p>\n<p>Ser un padrino o madrina no es s\u00f3lo donar; es formar parte de una comunidad dedicada que apoya constantemente el bienestar y la rehabilitaci\u00f3n de los ni\u00f1os. El programa ofrece una forma c\u00f3moda de contribuir, que permite a las personas distribuir sus donaciones a lo largo del tiempo y, al mismo tiempo, marcar una diferencia significativa en las vidas de las personas atendidas por CRIT.<\/p>\n\t\t\t\t\t\t\t<\/div>\n\t\t<\/div>\n\t<\/div>\n<\/div>\n\n\n<section class=\"modulo5 zoomtext\">\n\t<div class=\"grid-container\">\n\t\t\t<div class=\"grid-x grid-padding-x\">\n\t\t\t\t<div class=\"medium-3 cell\">\n\t\t\t\t<h3>\u00bfC\u00f3mo <span class=\"sub\">se usa mi donativo?<\/span><\/h3>\n\t\t\t\t<\/div>\n\t\t\t\t<div class=\"medium-8 medium-offset-1 cell\">\n\t\t\t\t\t<div class=\"info\">\n\t\t\t\t\t\t<p>Cuando donas al Centro de Rehabilitaci\u00f3n Infantil TeletonUSA (CRIT), tu donativo es utilizado de las siguientes maneras:<\/p>\n<ul>\n<li style=\"list-style-type: none;\">\n<ul>\n<li>Para pagar los servicios de rehabilitaci\u00f3n a ni\u00f1os con discapacidad que no pueden costearlos<\/li>\n<\/ul>\n<\/li>\n<\/ul>\n<ul>\n<li style=\"list-style-type: none;\">\n<ul>\n<li>Para dar mantenimiento al equipo y a los servicios de rehabilitaci\u00f3n, con tecnolog\u00eda de punta<\/li>\n<\/ul>\n<\/li>\n<\/ul>\n<ul>\n<li style=\"list-style-type: none;\">\n<ul>\n<li>Para apoyar al CRIT a atender a los ni\u00f1os que est\u00e1n en la lista de espera<\/li>\n<\/ul>\n<\/li>\n<\/ul>\n<ul>\n<li style=\"list-style-type: none;\">\n<ul>\n<li>Para permitir al CRIT abrir nuevos centros en otras zonas de los Estados Unidos<\/li>\n<\/ul>\n<\/li>\n<\/ul>\n<ul>\n<li style=\"list-style-type: none;\"><\/li>\n<\/ul>\n<ul>\n<li style=\"list-style-type: none;\"><\/li>\n<\/ul>\n<p>&nbsp;<\/p>\n<h3 style=\"text-align: center;\"><a href=\"https:\/\/give.critusa.org\/give\/634505\/#!\/donation\/checkout\"><strong>\u00a1\u00danete! <\/strong><\/a><\/h3>\n\t\t\t\t\t<\/div>\n\t\t\t\t<\/div>\n\t\t\t<\/div>\n\t<\/div>\n<\/section>\n","protected":false},"excerpt":{"rendered":"","protected":false},"author":5,"featured_media":0,"parent":0,"menu_order":0,"comment_status":"closed","ping_status":"closed","template":"page-templates\/interna.php","meta":{"pgc_sgb_lightbox_settings":"","footnotes":""},"yst_prominent_words":[],"acf":[],"_links":{"self":[{"href":"https:\/\/critusa.org\/es\/wp-json\/wp\/v2\/pages\/3258"}],"collection":[{"href":"https:\/\/critusa.org\/es\/wp-json\/wp\/v2\/pages"}],"about":[{"href":"https:\/\/critusa.org\/es\/wp-json\/wp\/v2\/types\/page"}],"author":[{"embeddable":true,"href":"https:\/\/critusa.org\/es\/wp-json\/wp\/v2\/users\/5"}],"replies":[{"embeddable":true,"href":"https:\/\/critusa.org\/es\/wp-json\/wp\/v2\/comments?post=3258"}],"version-history":[{"count":35,"href":"https:\/\/critusa.org\/es\/wp-json\/wp\/v2\/pages\/3258\/revisions"}],"predecessor-version":[{"id":22656,"href":"https:\/\/critusa.org\/es\/wp-json\/wp\/v2\/pages\/3258\/revisions\/22656"}],"wp:attachment":[{"href":"https:\/\/critusa.org\/es\/wp-json\/wp\/v2\/media?parent=3258"}],"wp:term":[{"taxonomy":"yst_prominent_words","embeddable":true,"href":"https:\/\/critusa.org\/es\/wp-json\/wp\/v2\/yst_prominent_words?post=3258"}],"curies":[{"name":"wp","href":"https:\/\/api.w.org\/{rel}","templated":true}]}}