{"id":3280,"date":"2020-02-07T17:05:39","date_gmt":"2020-02-07T23:05:39","guid":{"rendered":"https:\/\/teleton.design\/?page_id=3280"},"modified":"2026-04-16T10:22:42","modified_gmt":"2026-04-16T16:22:42","slug":"eventos","status":"publish","type":"page","link":"https:\/\/critusa.org\/es\/eventos\/","title":{"rendered":"Eventos"},"content":{"rendered":"<div class=\"modulo1 zoomtext offset-bottom\">\n\t<div class=\"grid-container set-relative\">\n\t\t<div class=\"grid-x grid-padding-x\">\n\t\t\t<div class=\"small-12 medium-9 cell \" >\n\t\t\t<img alt=\"Ni\u00f1o con su familia y cantante en el escenario del evento TeletonUSA\"  data-interchange=\"[https:\/\/critusa.org\/wp-content\/uploads\/2022\/04\/eventos-02.png, small], [https:\/\/critusa.org\/wp-content\/uploads\/2022\/04\/eventos-01.png, medium], [https:\/\/critusa.org\/wp-content\/uploads\/2022\/04\/eventos-01.png, large]\">\n\t\t\t<\/div>\n\t\t<\/div>\n\t\t<div class=\"content\">\n\t\t\t<div class=\"grid-x grid-padding-x set-bottom\">\n\t\t\t\t<div class=\"medium-offset-5 medium-7 large-offset-6 large-6 cell\">\n\t\t\t\t\t<div class=\"container-info full-height\">\n\t\t\t\t\t\t<div class=\"info \">\n\t\t\t\t\t\t\t<h2 class=\"size-medium\">Eventos<\/h2>\n\t\t\t\t\t\t\t<p>Con el objetivo de crear comunidad y recaudar fondos para dar continuidad a nuestros servicios de rehabilitaci\u00f3n, en CRIT realizamos eventos peri\u00f3dicamente.<br \/>\r\n<br \/>\r\nEn esta secci\u00f3n encontrar\u00e1s la lista de eventos pr\u00f3ximos, y podr\u00e1s descubrir sus pormenores, comprar boletos y confirmar tu asistencia. <br \/>\r\n<br \/>\r\nRecuerda que, al participar en estos eventos, est\u00e1s contribuyendo a la atenci\u00f3n de un ni\u00f1o o ni\u00f1a con discapacidad en CRIT. <br \/>\r\n<br \/>\r\n\u00a1Gracias por tu apoyo!<\/p>\n\t\t\t\t\t\t<\/div>\n\t\t\t\t\t<\/div>\n\t\t\t\t<\/div>\n\t\t\t<\/div>\n\t\t<\/div>\n\t<\/div>\n<\/div>\n\n\n<section class=\"modulo4 zoomtext\">\n\t<div class=\"grid-container\">\n\t\t<div class=\"grid-x grid-padding-x\" data-equalizer data-equalize-on=\"medium\" id=\"eventos\">\n\t\t\t\t\t\t\t<div class=\"medium-6 cell full-height\">\n\t\t\t\t\t<div class=\"modulo4-item\">\n\t\t\t\t\t\t<img decoding=\"async\" src=\"https:\/\/critusa.org\/wp-content\/uploads\/2026\/03\/CTEP.png\" alt=\"Contigo Todo es Posible\" \/>\n\t\t\t\t\t\t<div class=\"info\" data-equalizer-watch>\n\t\t\t\t\t\t\t<p>Querida familia de TeletonUSA, no se pierdan nuestro <strong>evento anual de recaudaci\u00f3n<\/strong>, TeletonUSA, este pr\u00f3ximo <strong>6 de junio<\/strong> a partir de las 6:00 PM ET \/ 5:00 PM CT \/ 3:00 PM PT por Univision, Galavisi\u00f3n y ViX. Los esperamos porque Contigo Todo es Posible.<\/p>\n\t\t\t\t\t\t\t\t\t\t\t\t\t<\/div>\n\t\t\t\t\t<\/div>\n\t\t\t\t<\/div>\n\t\t\t\t\t\t\t<div class=\"medium-6 cell full-height\">\n\t\t\t\t\t<div class=\"modulo4-item\">\n\t\t\t\t\t\t<img decoding=\"async\" src=\"https:\/\/critusa.org\/wp-content\/uploads\/2026\/02\/Pickleball-3-2.png\" alt=\"Pickerball\" \/>\n\t\t\t\t\t\t<div class=\"info\" data-equalizer-watch>\n\t\t\t\t\t\t\t<p><strong>Nuestro Torneo de Pickleball del CRIT<\/strong> es mucho m\u00e1s que un juego: es un d\u00eda lleno de prop\u00f3sito. Cada jugador y patrocinador est\u00e1 apoyando a los ni\u00f1os con discapacidad del Children\u2019s Rehabilitation Institute TeletonUSA.<\/p>\n<p><strong>Te invitamos a ser parte de esta experiencia inolvidable<\/strong>, donde el deporte se convierte en solidaridad y deja una huella profunda en el futuro de nuestros pacientes del CRIT.<\/p>\n\t\t\t\t\t\t\t\t\t\t\t\t\t\t<a href=\"https:\/\/event.critusa.org\/event\/pickleball-tournament-2026\/e766297\" title=\"Acomp\u00e1\u00f1anos\"\n\t\t\t\t\t\t\t\ttarget=\"_blank\" class=\"more-info\">Acomp\u00e1\u00f1anos<\/a>\n\t\t\t\t\t\t\t\t\t\t\t\t\t<\/div>\n\t\t\t\t\t<\/div>\n\t\t\t\t<\/div>\n\t\t\t\t\t<\/div>\n\t<\/div>\n<\/section>\n\n\n\n<p><\/p>\n","protected":false},"excerpt":{"rendered":"","protected":false},"author":5,"featured_media":0,"parent":0,"menu_order":0,"comment_status":"closed","ping_status":"closed","template":"page-templates\/interna.php","meta":{"pgc_sgb_lightbox_settings":"","footnotes":""},"yst_prominent_words":[],"acf":[],"_links":{"self":[{"href":"https:\/\/critusa.org\/es\/wp-json\/wp\/v2\/pages\/3280"}],"collection":[{"href":"https:\/\/critusa.org\/es\/wp-json\/wp\/v2\/pages"}],"about":[{"href":"https:\/\/critusa.org\/es\/wp-json\/wp\/v2\/types\/page"}],"author":[{"embeddable":true,"href":"https:\/\/critusa.org\/es\/wp-json\/wp\/v2\/users\/5"}],"replies":[{"embeddable":true,"href":"https:\/\/critusa.org\/es\/wp-json\/wp\/v2\/comments?post=3280"}],"version-history":[{"count":2233,"href":"https:\/\/critusa.org\/es\/wp-json\/wp\/v2\/pages\/3280\/revisions"}],"predecessor-version":[{"id":23745,"href":"https:\/\/critusa.org\/es\/wp-json\/wp\/v2\/pages\/3280\/revisions\/23745"}],"wp:attachment":[{"href":"https:\/\/critusa.org\/es\/wp-json\/wp\/v2\/media?parent=3280"}],"wp:term":[{"taxonomy":"yst_prominent_words","embeddable":true,"href":"https:\/\/critusa.org\/es\/wp-json\/wp\/v2\/yst_prominent_words?post=3280"}],"curies":[{"name":"wp","href":"https:\/\/api.w.org\/{rel}","templated":true}]}}