{"id":3342,"date":"2020-02-10T12:41:35","date_gmt":"2020-02-10T18:41:35","guid":{"rendered":"https:\/\/teleton.design\/?page_id=3342"},"modified":"2022-05-17T10:42:38","modified_gmt":"2022-05-17T15:42:38","slug":"atencion","status":"publish","type":"page","link":"https:\/\/critusa.org\/es\/atencion\/","title":{"rendered":"Atenci\u00f3n"},"content":{"rendered":"<div class=\"modulo1 zoomtext \">\n\t<div class=\"grid-container set-relative\">\n\t\t<div class=\"grid-x grid-padding-x\">\n\t\t\t<div class=\"small-12 medium-9 cell \" >\n\t\t\t<img alt=\"Ni\u00f1o en alberca con su pap\u00e1\"  data-interchange=\"[https:\/\/critusa.org\/wp-content\/uploads\/2020\/02\/Atencion-movil.jpg, small], [https:\/\/critusa.org\/wp-content\/uploads\/2020\/02\/Atencion.jpg, medium], [https:\/\/critusa.org\/wp-content\/uploads\/2020\/02\/Atencion.jpg, large]\">\n\t\t\t<\/div>\n\t\t<\/div>\n\t\t<div class=\"content\">\n\t\t\t<div class=\"grid-x grid-padding-x set-bottom\">\n\t\t\t\t<div class=\"medium-offset-5 medium-7 large-offset-6 large-6 cell\">\n\t\t\t\t\t<div class=\"container-info full-height\">\n\t\t\t\t\t\t<div class=\"info \">\n\t\t\t\t\t\t\t<h2 class=\"size-medium\">Atenci\u00f3n<\/h2>\n\t\t\t\t\t\t\t<p>El modelo de atenci\u00f3n del CRIT brinda un acercamiento \u00fanico a la rehabilitaci\u00f3n. Todos los servicios que brindamos son personalizados para cada ni\u00f1o y cada familia. <br \/>\r\n<br \/>\r\nDicha personalizaci\u00f3n est\u00e1 basada en un plan de atenci\u00f3n aprobado por un m\u00e9dico acompa\u00f1ante. <\/p>\n\t\t\t\t\t\t<\/div>\n\t\t\t\t\t<\/div>\n\t\t\t\t<\/div>\n\t\t\t<\/div>\n\t\t<\/div>\n\t<\/div>\n<\/div>\n\n\n<div class=\"modulo2 zoomtext offset-bottom\">\n\t<div class=\"grid-container set-relative\">\n\t\t<div class=\"grid-x grid-padding-x\">\n\t\t\t<div class=\"small-12 show-for-small-only\">\n\t\t\t\t<img decoding=\"async\" src=\"https:\/\/critusa.org\/wp-content\/uploads\/2020\/02\/Atencion-movil-2.jpg\" alt=\"Ni\u00f1a con dos terapeutas\" \/>\n\t\t\t<\/div>\n\t\t\t<div class=\"small-12 medium-8 large-6 cell\">\n\t\t\t\t<div class=\"description\">\n\t\t\t\t<p>En nuestro equipo contamos con m\u00e9dicos especialistas en medicina f\u00edsica y rehabilitaci\u00f3n, terapeutas f\u00edsicos, ocupacionales y de lenguaje, trabajadores sociales, consejeros, terapeutas recreativos, especialistas en tecnolog\u00eda de asistencia, consejeros genetistas, asistentes m\u00e9dicos y con un equipo experimentado de atenci\u00f3n al paciente.<\/p>\n\t\t\t\t<\/div>\n\t\t\t\t\t\t\t<\/div>\n\t\t\t<div class=\"small-12 medium-4 large-6 cell no-cell-medium\">\n\t\t\t\t<div class=\"bg full-height hide-for-small-only\" style=\"background-image:url('https:\/\/critusa.org\/wp-content\/uploads\/2020\/02\/Atencion-2.jpg')\"><img decoding=\"async\" src=\"https:\/\/critusa.org\/wp-content\/themes\/Teleton\/images\/spacer.png\" alt=\"Ni\u00f1a con dos terapeutas\" \/><\/div>\n\t\t\t<\/div>\n\t\t<\/div>\n\t<\/div>\n<\/div>\n\n\n<div class=\"modulo3 color1 zoomtext \">\n\t<div class=\"grid-container set-relative\">\n\t\t<div class=\"grid-x grid-padding-x\">\n\t\t\t<div class=\"small-12 medium-4 cell\">\n\t\t\t\t<h3>PILARES<span class=\"sub\">DE ATENCI\u00d3N<\/span><\/h3>\n\t\t\t<\/div>\n\t\t\t<div class=\"small-12 medium-8 cell\">\n\t\t\t\t<p><strong>F\u00edsico<\/strong><br \/>\nRehabilitaci\u00f3n integral con el apoyo de m\u00e9dicos y terapeutas que brindan atenci\u00f3n a los retos f\u00edsicos del d\u00eda a d\u00eda.<\/p>\n<p><strong>Psicol\u00f3gico<\/strong><br \/>\nAtenci\u00f3n para cuidar el bienestar psicol\u00f3gico de los pacientes y sus familias.<\/p>\n<p><strong>Social<\/strong><br \/>\nEnfoque en la inclusi\u00f3n social de los ni\u00f1os, las ni\u00f1as y sus familias.<\/p>\n<p><strong>Espiritual<\/strong><br \/>\nPrograma de pluralismo religioso, que promueve y fortalece los valores sociales.<\/p>\n\t\t\t\t\t\t\t<\/div>\n\t\t<\/div>\n\t<\/div>\n<\/div>\n\n\n<section class=\"modulo4 zoomtext\">\n\t<div class=\"grid-container\">\n\t\t<div class=\"grid-x grid-padding-x\" data-equalizer data-equalize-on=\"medium\" id=\"grupo1\">\n\t\t\t\t\t\t\t<div class=\"medium-6 cell full-height\">\n\t\t\t\t\t<div class=\"modulo4-item\">\n\t\t\t\t\t\t<img decoding=\"async\" src=\"https:\/\/critusa.org\/wp-content\/uploads\/2020\/02\/Atencion-02.jpg\" alt=\"\" \/>\n\t\t\t\t\t\t<div class=\"info\" data-equalizer-watch>\n\t\t\t\t\t\t\t<p><strong>CONDICIONES<\/strong><\/p>\n<p>CRIT ofrece servicios a ni\u00f1os y ni\u00f1as con discapacidad de 0 a 18 a\u00f1os de edad, y a sus familias. El equipo m\u00e9dico y la infraestructura del centro son ideales para atender las siguientes condiciones:<\/p>\n<ul>\n<li>Par\u00e1lisis cerebral leve a grave<\/li>\n<li>Da\u00f1o cerebral<\/li>\n<li>Enfermedades neuromusculares<\/li>\n<li>Lesi\u00f3n de la m\u00e9dula espinal<\/li>\n<li>Amputados y personas con desorden esquel\u00e9ticos<\/li>\n<li>Enfermedades cong\u00e9nitas y gen\u00e9ticas<\/li>\n<li>Retraso del desarrollo<\/li>\n<\/ul>\n<p>Si no atendemos la condici\u00f3n para la cual necesitas asistencia, cont\u00e1ctanos y te referiremos a un hospital o centro que te pueda apoyar. <\/p>\n\t\t\t\t\t\t\t\t\t\t\t\t\t<\/div>\n\t\t\t\t\t<\/div>\n\t\t\t\t<\/div>\n\t\t\t\t\t\t\t<div class=\"medium-6 cell full-height\">\n\t\t\t\t\t<div class=\"modulo4-item\">\n\t\t\t\t\t\t<img decoding=\"async\" src=\"https:\/\/critusa.org\/wp-content\/uploads\/2020\/02\/Atencion-04.jpg\" alt=\"\" \/>\n\t\t\t\t\t\t<div class=\"info\" data-equalizer-watch>\n\t\t\t\t\t\t\t<p><strong>TERAPIAS<\/strong><\/p>\n<ul>\n<li>F\u00edsica<\/li>\n<li>Ocupacional<\/li>\n<li>Lenguaje<\/li>\n<li>Hidroterapia (terapia acu\u00e1tica)<\/li>\n<li>Integraci\u00f3n sensorial<\/li>\n<li>Tecnolog\u00eda asistencial<\/li>\n<li>Terapia de neurodesarrollo<\/li>\n<li>Comunicaci\u00f3n aumentativa<\/li>\n<li>Entrenamiento para el uso de sillas de ruedas motorizadas<\/li>\n<li><span style=\"font-weight: 400;\">Pruebas de diagn\u00f3stico para el Autismo<\/span><\/li>\n<\/ul>\n\t\t\t\t\t\t\t\t\t\t\t\t\t<\/div>\n\t\t\t\t\t<\/div>\n\t\t\t\t<\/div>\n\t\t\t\t\t<\/div>\n\t<\/div>\n<\/section>\n\n\n<section class=\"modulo4 zoomtext\">\n\t<div class=\"grid-container\">\n\t\t<div class=\"grid-x grid-padding-x\" data-equalizer data-equalize-on=\"medium\" id=\"grupo2\">\n\t\t\t\t\t\t\t<div class=\"medium-6 cell full-height\">\n\t\t\t\t\t<div class=\"modulo4-item\">\n\t\t\t\t\t\t<img decoding=\"async\" src=\"https:\/\/critusa.org\/wp-content\/uploads\/2020\/02\/Atencion-01.jpg\" alt=\"\" \/>\n\t\t\t\t\t\t<div class=\"info\" data-equalizer-watch>\n\t\t\t\t\t\t\t<p><strong>EQUIPAMIENTO<\/strong><\/p>\n<ul>\n<li>Robot Lokomat de entrenamiento para la marcha<\/li>\n<li>Sistemas Pablo y Armeo<\/li>\n<li>Sistema Thera:\n<ul>\n<li>Tigo<\/li>\n<li>Balo<\/li>\n<li>Ego<\/li>\n<\/ul>\n<\/li>\n<li>Realidad virtual<\/li>\n<li>Cuarto multi-sensorial<\/li>\n<\/ul>\n\t\t\t\t\t\t\t\t\t\t\t\t\t<\/div>\n\t\t\t\t\t<\/div>\n\t\t\t\t<\/div>\n\t\t\t\t\t\t\t<div class=\"medium-6 cell full-height\">\n\t\t\t\t\t<div class=\"modulo4-item\">\n\t\t\t\t\t\t<img decoding=\"async\" src=\"https:\/\/critusa.org\/wp-content\/uploads\/2020\/02\/Atencion-03.jpg\" alt=\"\" \/>\n\t\t\t\t\t\t<div class=\"info\" data-equalizer-watch>\n\t\t\t\t\t\t\t<p><strong>EQUIPO M\u00c9DICO<\/strong><\/p>\n<p>Todos nuestros especialistas est\u00e1n comprometidos con los ni\u00f1os de CRIT y sus familias. Contamos con las siguientes especialidades:<\/p>\n<ul>\n<li><span style=\"font-weight: 400;\">M\u00e9dicos en rehabilitaci\u00f3n f\u00edsica<\/span><span style=\"font-weight: 400;\"> (m\u00e9dicos acompa\u00f1antes)<\/span><\/li>\n<li>Nutri\u00f3logos<\/li>\n<li>Terapeutas f\u00edsicos<\/li>\n<li>Terapeutas ocupacionales<\/li>\n<li>Pat\u00f3logos de terapia de lenguaje<\/li>\n<li>Consejeros<\/li>\n<li>Trabajadores sociales<\/li>\n<li>Terapeutas recreativos<\/li>\n<li>Expertos en tecnolog\u00eda asistencial<\/li>\n<li>Auxiliares m\u00e9dicos<\/li>\n<li>Consejeros gen\u00e9ticos<\/li>\n<li>Equipo de atenci\u00f3n al p\u00fablico<\/li>\n<li>Voluntarios<\/li>\n<\/ul>\n\t\t\t\t\t\t\t\t\t\t\t\t\t<\/div>\n\t\t\t\t\t<\/div>\n\t\t\t\t<\/div>\n\t\t\t\t\t<\/div>\n\t<\/div>\n<\/section>\n\n\n<section class=\"modulo5 zoomtext\">\n\t<div class=\"grid-container\">\n\t\t\t<div class=\"grid-x grid-padding-x\">\n\t\t\t\t<div class=\"medium-offset-1 medium-10 large-offset-2 large-7 cell\">\n\t\t\t\t<h3>INSTALACIONES<span class=\"sub\"> Y TECNOLOG\u00cdA<\/span><\/h3>\t\t\t\t<div class=\"info\">\n\t\t\t\t\t\t<p><img loading=\"lazy\" decoding=\"async\" class=\"alignnone size-full wp-image-6032\" src=\"https:\/\/critusa.org\/wp-content\/uploads\/2020\/02\/tecnologia-2.jpg\" alt=\"\" width=\"640\" height=\"300\" srcset=\"https:\/\/critusa.org\/wp-content\/uploads\/2020\/02\/tecnologia-2.jpg 640w, https:\/\/critusa.org\/wp-content\/uploads\/2020\/02\/tecnologia-2-300x141.jpg 300w\" sizes=\"(max-width: 640px) 100vw, 640px\" \/><\/p>\n<p>CRIT brinda sus servicios en una instalaci\u00f3n m\u00e9dica con tecnolog\u00eda de punta. El centro fue construido con el \u00fanico objetivo de brindar atenci\u00f3n integral a los ni\u00f1os y a sus familias. Contamos con <span class=\"s1\">m\u00e1s de 45,000 pies <\/span>cuadrados llenos de arquitectura y dise\u00f1o colorido, donde se fomenta un aura de alegr\u00eda, amor y cuidado que hacen que nuestros ni\u00f1os y sus familias prosperen.<\/p>\n<p>Nuestras instalaciones incluyen:<\/p>\n<ul>\n<li><strong>Cuarto de Estimulaci\u00f3n Multi-Sensorial:<\/strong> el ambiente de esta habitaci\u00f3n puede ser ajustado para estimular o para tranquilizar a los ni\u00f1os con el apoyo de luces, sonidos, texturas, olores y movimientos.<\/li>\n<li><strong>La Casita:<\/strong> dise\u00f1ada como un cuarto de pr\u00e1ctica para las actividades de la vida diaria, este gimnasio de terapia cuenta con ba\u00f1o, cocina, rec\u00e1mara, sof\u00e1s, y pupitres escolares que permiten que los ni\u00f1os practiquen todas las tareas funcionales.<\/li>\n<li><strong>Pablo y Armeo:<\/strong> dos m\u00e1quinas de \u00faltima tecnolog\u00eda, dise\u00f1adas para apoyar con la coordinaci\u00f3n, el balance, la motricidad fina y la fuerza de las extremidades.<\/li>\n<li><strong>Gimnasio de Mecanoterapia:<\/strong> este gimnasio multidisciplinario cuenta con m\u00e1s de 100 piezas de equipo, incluye: colchonetas, barras paralelas, triciclos adaptados, sistema thera y escaleras dise\u00f1adas para maximizar la independencia funcional de cada ni\u00f1o, en un ambiente seguro y terap\u00e9utico.<\/li>\n<li><strong>Robot Lokomat de Entrenamiento para la Marcha:<\/strong> esta terapia de asistencia rob\u00f3tica aprovecha la neuroplasticidad e incrementa el potencial de rehabilitaci\u00f3n de manera eficaz e intensiva.<\/li>\n<li><strong>Hidroterapia:<\/strong> contamos con dos piscinas terap\u00e9uticas, cada una con una temperatura distinta. Son utilizadas para incrementar la fuerza, el rango de movilidad movilidad, la resistencia, as\u00ed como para reducir la espasticidad y mejorar la marcha.<\/li>\n<li><strong><span class=\"s2\">Cuarto Privado para Terapia de Lenguaje: <\/span><\/strong>Aqu\u00ed proveemos terapia para la alimentaci\u00f3n, la degluci\u00f3n, el entrenamiento cognitivo, la estimulaci\u00f3n vital y la adquisici\u00f3n de lenguaje.<\/li>\n<li><strong>Cuarto de Tecnolog\u00eda Asistida:<\/strong> Aqu\u00ed los usuarios entrenan utilizando sillas de ruedas manuales y motorizadas, as\u00ed como entrenadores de marcha, andadoras, triciclos adaptados, dispositivos de comunicaci\u00f3n aumentada, unidades de control ambiental. Adem\u00e1s, se fabrican \u00f3rtesis para el apoyo de los ni\u00f1os y las ni\u00f1as.<\/li>\n<li><strong>Terapia Recreativa<\/strong><\/li>\n<li><strong>Salones Educativos<\/strong><\/li>\n<\/ul>\n\t\t\t\t\t<\/div>\n\t\t\t<\/div>\n\t<\/div>\n<\/section>\n\n\n<section class=\"modulo5 zoomtext\">\n\t<div class=\"grid-container\">\n\t\t\t<div class=\"grid-x grid-padding-x\">\n\t\t\t\t<div class=\"medium-offset-1 medium-10 large-offset-2 large-7 cell\">\n\t\t\t\t<h3>INTEGRACI\u00d3N<span class=\"sub\">SOCIAL<\/span><\/h3>\t\t\t\t<div class=\"info\">\n\t\t\t\t\t\t<p><img loading=\"lazy\" decoding=\"async\" class=\"alignnone size-full wp-image-7702\" src=\"https:\/\/critusa.org\/wp-content\/uploads\/2020\/02\/integracion_social.jpg\" alt=\"\" width=\"640\" height=\"300\" srcset=\"https:\/\/critusa.org\/wp-content\/uploads\/2020\/02\/integracion_social.jpg 640w, https:\/\/critusa.org\/wp-content\/uploads\/2020\/02\/integracion_social-300x141.jpg 300w\" sizes=\"(max-width: 640px) 100vw, 640px\" \/><\/p>\n<p class=\"p1\"><span class=\"s1\">La terapia recreativa en CRIT brinda a los ni\u00f1os la oportunidad de crecer y de mejorar su comunicaci\u00f3n social a trav\u00e9s de sesiones grupales con otros usuarios y usuarias de CRIT. La terapia recreativa tambi\u00e9n ayuda a que los <\/span><span class=\"s2\">pacientes<\/span><span class=\"s1\"> descubran oportunidades sociales fuera <\/span><span class=\"s2\">del <\/span><span class=\"s1\">CRIT, y les ense\u00f1a habilidades para el juego en equipo, el deporte y la comunicaci\u00f3n con otros, adem\u00e1s de ofrecerles la oportunidad de convivir con otras personas.<\/span><\/p>\n<p><strong>Terapia recreativa<\/strong><br \/>\nLa terapia recreativa se enfoca en atender a cada individuo de manera integral, a trav\u00e9s de recreaci\u00f3n y actividades de ocio. Nos concentramos en desarrollar habilidades f\u00edsicas, emocionales, sociales y cognitivas realizando actividades nuevas y las actividades favoritas de cada ni\u00f1o y ni\u00f1a. Estas actividades pueden incluir arte, proyectos STEM, m\u00fasica, danza, pintura, nataci\u00f3n, caminata, cocina, exploraci\u00f3n sensorial, juego imaginativo, videojuegos, actividades comunitarias, lectura y, por supuesto, \u00a1cualquier actividad que nos encontremos!<\/p>\n<p><strong>Buddy Program<\/strong><br \/>\nEl Buddy Program brinda la oportunidad a nuestros pacientes de vincularse con un mentor, quien no necesariamente tiene una discapacidad, para realizar actividades y acudir a eventos juntos. Nuestro programa recibe a hermanos y hermanas, amigos y amigas, hijos de nuestro staff, estudiantes universitarios, y otros amigos y familiares de nuestra comunidad. Unidos, acudimos a eventos en el CRIT y en San Antonio, donde los pacientes y sus amigos se divierten, conocen gente nueva, socializan y disfrutan. Para m\u00e1s informaci\u00f3n, \u00a1env\u00eda un correo a <a href=\"mailto:buddyprogram@critusa.org\">buddyprogram@critusa.org<\/a>!<\/p>\n<p><strong>Salidas<\/strong><br \/>\nEl departamento de terapia recreativa ofrece salidas y convivencias a los pacientes y a sus familias, con el fin de ayudarles a descubrir el potencial y las posibilidades de contar con el apoyo de una comunidad. Estas salidas ense\u00f1an a los pacientes c\u00f3mo es salir, qu\u00e9 pueden esperar, y c\u00f3mo participar en diferentes lugares mientras se divierten. Las salidas pueden ser al boliche, restaurantes, parques de diversiones, museos, juegos deportivos, Morgan\u2019s Wonderland, y m\u00e1s. <span class=\"s1\">Si tienes una sugerencia para <\/span><span class=\"s2\">un <\/span><span class=\"s1\">paseo, por favor <\/span><span class=\"s2\">env\u00eda un correo a <a href=\"mailto:buddyprogram@critusa.org\">buddyprogram@critusa.org<\/a>.<\/span><\/p>\n<p><strong>Sibshops<\/strong><br \/>\nLos Sibshops son un programa nacional, liderado por el Departamento de Trabajo Social, dirigido a los ni\u00f1os y ni\u00f1as que tienen un hermano o hermana con discapacidad. Los Sibshops son un divertido grupo de apoyo entre pares, se llevan a cabo durante el verano,y son dirigidos a ni\u00f1os y ni\u00f1as de 6 a 12 a\u00f1os. Estos grupos apoyan a los ni\u00f1os para sentirse incluidos. Cada programa tiene una duraci\u00f3n de 4 horas, durante las cuales participan entre 10 y 15 ni\u00f1os.<\/p>\n\t\t\t\t\t<\/div>\n\t\t\t<\/div>\n\t<\/div>\n<\/section>\n","protected":false},"excerpt":{"rendered":"","protected":false},"author":5,"featured_media":0,"parent":0,"menu_order":0,"comment_status":"closed","ping_status":"closed","template":"page-templates\/interna.php","meta":{"pgc_sgb_lightbox_settings":"","footnotes":""},"yst_prominent_words":[],"acf":[],"_links":{"self":[{"href":"https:\/\/critusa.org\/es\/wp-json\/wp\/v2\/pages\/3342"}],"collection":[{"href":"https:\/\/critusa.org\/es\/wp-json\/wp\/v2\/pages"}],"about":[{"href":"https:\/\/critusa.org\/es\/wp-json\/wp\/v2\/types\/page"}],"author":[{"embeddable":true,"href":"https:\/\/critusa.org\/es\/wp-json\/wp\/v2\/users\/5"}],"replies":[{"embeddable":true,"href":"https:\/\/critusa.org\/es\/wp-json\/wp\/v2\/comments?post=3342"}],"version-history":[{"count":1911,"href":"https:\/\/critusa.org\/es\/wp-json\/wp\/v2\/pages\/3342\/revisions"}],"predecessor-version":[{"id":17954,"href":"https:\/\/critusa.org\/es\/wp-json\/wp\/v2\/pages\/3342\/revisions\/17954"}],"wp:attachment":[{"href":"https:\/\/critusa.org\/es\/wp-json\/wp\/v2\/media?parent=3342"}],"wp:term":[{"taxonomy":"yst_prominent_words","embeddable":true,"href":"https:\/\/critusa.org\/es\/wp-json\/wp\/v2\/yst_prominent_words?post=3342"}],"curies":[{"name":"wp","href":"https:\/\/api.w.org\/{rel}","templated":true}]}}