{"id":7741,"date":"2020-02-20T11:16:31","date_gmt":"2020-02-20T17:16:31","guid":{"rendered":"https:\/\/teleton.design\/?page_id=7741"},"modified":"2022-02-03T10:59:48","modified_gmt":"2022-02-03T16:59:48","slug":"politicas-de-privacidad-teletonusa","status":"publish","type":"page","link":"https:\/\/critusa.org\/es\/politicas-de-privacidad-teletonusa\/","title":{"rendered":"Pol\u00edticas de Privacidad TeletonUSA"},"content":{"rendered":"<div class=\"grid-container\">\n\t<div class=\"grid-x grid-padding-x\">\n\t\t<div class=\"medium-10 medium-offset-1 large-7 large-offset-2 cell\">\n\t\t\t<div class=\"margin-module1 privacy-switcher\">\n            <ul class=\"tabs\" data-tabs id=\"privacy\">\n                <li class=\"tabs-title is-active\"><a href=\"https:\/\/critusa.org\/es\/politica-de-privacidad\/\" >Pol\u00edticas de Privacidad<\/a><\/li>\n                <li class=\"tabs-title\"><a href=\"https:\/\/critusa.org\/es\/politicas-de-privacidad-teletonusa\/\" aria-selected=\"true\">Pol\u00edticas de Privacidad TeletonUSA<\/a><\/li>\n            <\/ul>\n\t\t<\/div>\n\t<\/div>\n<\/div>\n\n<section class=\"modulo5 zoomtext\">\n\t<div class=\"grid-container\">\n\t\t\t<div class=\"grid-x grid-padding-x\">\n\t\t\t\t<div class=\"medium-offset-1 medium-10 large-offset-2 large-7 cell\">\n\t\t\t\t\t\t\t\t<div class=\"info\">\n\t\t\t\t\t\t<p><strong>POL\u00cdTICA WEB<\/strong><\/p>\n<p>Este sitio web es propiedad de (operado por o en nombre de) Fundaci\u00f3n TeletonUSA (en adelante, \u00abFTUSA\u00bb). FTUSA hace su mejor esfuerzo por respetar la privacidad de los visitantes de su sitio. FTUSA \u00fanicamente recopila datos de identificaci\u00f3n personal como nombres, direcciones, c\u00f3digos postales, direcciones de correo electr\u00f3nico, etc., cuando un visitante los env\u00eda voluntariamente. Esta informaci\u00f3n es utilizada \u00fanicamente por FTUSA u otras entidades que participan en el funcionamiento de este sitio.<\/p>\n<p><strong>Data Security<\/strong><\/p>\n<p>Estamos comprometidos con proteger la seguridad de su informaci\u00f3n personal y con honrar sus elecciones para su uso previsto. En FTUSA nos esforzamos por mantener salvaguardas f\u00edsicas, electr\u00f3nicas y administrativas para evitar el acceso no autorizado, mantener la precisi\u00f3n de los datos y garantizar el uso correcto de la informaci\u00f3n.<\/p>\n<p>Nuestro personal y nuestros voluntarios est\u00e1n conscientes de lo importante que es la protecci\u00f3n de su informaci\u00f3n, y est\u00e1n conscientes de que son responsables de proteger su confidencialidad. Sin embargo, estas precauciones no garantizan que nuestro sitio web sea invulnerable a una brecha de seguridad. FTUSA no garantiza que el uso de su sitio web est\u00e1 protegido contra virus, amenazas de seguridad, u otras vulnerabilidades, tampoco garantiza que su informaci\u00f3n estar\u00e1 segura.<\/p>\n<p><strong>Enlaces externos<\/strong><\/p>\n<p>Nuestras pol\u00edticas web y de privacidad aplican solo a este sitio web. Este sitio contiene enlaces a otros sitios. No compartimos informaci\u00f3n de identificaci\u00f3n personal a los sitios enlazados y no somos responsables de sus pr\u00e1cticas de privacidad. Los enlaces a otros sitios no representan una aprobaci\u00f3n de sus contenidos, ni de sus pol\u00edticas. Debe leer las pol\u00edticas de privacidad de cada sitio que visite para determinar qu\u00e9 informaci\u00f3n puede estar recopilando ese sitio sobre usted.<\/p>\n<p><strong>Cookies<\/strong><\/p>\n<p>Nuestros visitantes deben saber que el sitio web de FTUSA puede recopilar informaci\u00f3n y datos no personales, de manera autom\u00e1tica, mediante el uso de cookies. Las cookies son peque\u00f1os archivos de texto que un sitio web puede usar para reconocer a los visitantes frecuentes, para facilitar su acceso continuo y el uso del sitio, y permitir que el sitio rastree el comportamiento de uso y recopile datos agregados que permitir\u00e1n mejoras de contenido. Las cookies no son programas que ingresan al sistema de un visitante y da\u00f1an archivos. En general, las cookies funcionan asignando un n\u00famero \u00fanico al visitante. Dicho n\u00famero no tiene un significado, ni un uso fuera del sitio de asignaci\u00f3n. Si un visitante no desea que se recopile informaci\u00f3n mediante el uso de cookies, existe un procedimiento simple en la mayor\u00eda de los navegadores que permite al visitante rechazar o aceptar la funci\u00f3n de cookies. FTUSA utiliza la tecnolog\u00eda de cookies solo para obtener informaci\u00f3n no personal de sus visitantes con el fin de mejorar su experiencia en l\u00ednea y facilitar su visita al sitio.<\/p>\n<p>Gracias por visitar nuestro sitio web. P\u00f3ngase en contacto con nosotros si tiene alguna pregunta sobre su funcionamiento.<\/p>\n<p><strong>AVISO LEGAL<\/strong><\/p>\n<p><strong>Finalidad del sitio<\/strong><\/p>\n<p>Este sitio web proporciona informaci\u00f3n sobre los servicios y programas de Fundaci\u00f3n TeletonUSA (en adelante, \u00abCRIT\u00bb). La informaci\u00f3n proporcionada en este sitio web tiene la intenci\u00f3n de divulgar ciertas condiciones m\u00e9dicas, m\u00e9todos de atenci\u00f3n m\u00e9dica, y sobre posibles enfoques de tratamiento. La informaci\u00f3n no sustituye los estudios, los diagn\u00f3sticos, ni la atenci\u00f3n m\u00e9dica brindada por un profesional de la salud calificado y certificado.<\/p>\n<p><strong>Avisos generales<\/strong><\/p>\n<p>La informaci\u00f3n proporcionada en el sitio web de FTUSA no debe ser considerada un consejo m\u00e9dico. En ning\u00fan caso ser\u00e1 FTUSA responsable de ning\u00fan da\u00f1o o p\u00e9rdida, incluidos los especiales, indirectos, consecuentes o incidentales que resulten del uso, de la dependencia o el desempe\u00f1o de cualquier material contenido o accedido a trav\u00e9s del sitio web de FTUSA.<\/p>\n<p>Este sitio web se ofrece sin cargo a los usuarios de la World Wide Web con la condici\u00f3n expresa de que estos usuarios acuerden estar sujetos a los t\u00e9rminos y condiciones establecidos en este documento. Al usar este sitio web el usuario acepta la totalidad de los t\u00e9rminos y condiciones establecidos en este documento o en las otras pol\u00edticas contempladas en este sitio web, en su forma actual o modificada.<\/p>\n<p><strong>Disclaimer of Warranty<\/strong><\/p>\n<p>FTUSA no ofrece garant\u00edas de ning\u00fan tipo con respecto a este sitio web, incluidas, entre otras, cualquier garant\u00eda de precisi\u00f3n, integridad, vigencia, confiabilidad, comerciabilidad o adecuaci\u00f3n para un prop\u00f3sito particular, ni ninguna garant\u00eda de que estas p\u00e1ginas, o el servidor que las pone a su disposici\u00f3n, est\u00e1n libres de virus u otros elementos nocivos, y dichas garant\u00edas se rechazan expresamente.<\/p>\n<p><strong>Limitaci\u00f3n de responsabilidad<\/strong><\/p>\n<p>Usted acepta que mantendr\u00e1 indemne a FTUSA y a sus funcionarios, directores, empleados y voluntarios de cualquier queja o reclamaci\u00f3n que surja o est\u00e9 relacionada con su acceso o uso de, o su incapacidad para acceder o usar, este sitio web o la informaci\u00f3n contenida en este sitio web u otros sitios web a los que est\u00e1 vinculado. Esto incluye, pero no se limita a, informaci\u00f3n o materiales vistos o descargados de este sitio web u otro sitio web al que est\u00e1 vinculado que le parezca o sea interpretado por usted como obsceno, ofensivo, difamatorio o que infrinja sus derechos de propiedad intelectual. En ning\u00fan caso FTUSA o los contribuyentes de informaci\u00f3n a este sitio web ser\u00e1n responsables ante usted o cualquier otra persona por cualquier decisi\u00f3n o acci\u00f3n tomada por usted en dependencia de dicha informaci\u00f3n ni por cualquier da\u00f1o consecuente, especial o similar, incluso si se le informa de posibilidad de tales da\u00f1os.<\/p>\n<p><strong>Uso de los contenidos<\/strong><\/p>\n<p>Salvo que se indique lo contrario, toda la informaci\u00f3n contenida en este sitio web, como texto, gr\u00e1ficos, logos, iconos, im\u00e1genes, clips de audio, est\u00e1 protegida por derechos de autor y es propiedad intelectual de FTUSA. Usted puede descargar, utilizar y copiar los materiales disponibles en la p\u00e1gina de FTUSA siempre y cuando sea para uso personal y no comercial, y que las copias contengan los derechos de autor, las marcas comerciales o cualquier otro aviso ubicado en el sitio, que pertenezca al material que se copia. Cualquier otro uso no autorizado puede violar los derechos de autor, marca registrada y otras leyes.<\/p>\n<p><strong>Usuarios internacionales<\/strong><\/p>\n<p>Este sitio web es controlado, operado y administrado por FTUSA desde sus oficinas dentro de los Estados Unidos de Am\u00e9rica. FTUSA no garantiza que los materiales en este sitio web sean apropiados, ni que est\u00e9n disponibles para su uso en otros lugares fuera de los Estados Unidos y el acceso a ellos desde territorios donde sus contenidos son ilegales est\u00e1 prohibido.<\/p>\n<p><strong>Ley aplicable y jurisdicci\u00f3n<\/strong><\/p>\n<p>Usted acepta que estos avisos legales se rigen por las leyes del estado de Texas y que el lugar adecuado y conveniente recae exclusivamente en los tribunales de San Antonio o el condado de Bexar, Texas. Usted acepta que el plazo de prescripci\u00f3n para cualquier reclamo contra FTUSA se presentar\u00e1 dentro de un a\u00f1o desde el momento en que surgi\u00f3 el reclamo, y cualquier reclamo que no se presente dentro de dicho per\u00edodo de tiempo se considerar\u00e1 renunciado.<\/p>\n<p><strong>Cl\u00e1usula COPPA<\/strong><\/p>\n<p>FTUSA no solicita intencionadamente datos de ni\u00f1os, ni comercializa deliberadamente a ni\u00f1os. FTUSA est\u00e1 preocupado por la seguridad de los ni\u00f1os y su uso de Internet. Por lo tanto, de conformidad con la Ley de Protecci\u00f3n de Privacidad en L\u00ednea para Ni\u00f1os (COPPA, por sus siglas en ingl\u00e9s), de los Estados Unidos, proclamada en 1998, FTUSA no solicita intencionadamente informaci\u00f3n de identificaci\u00f3n personal a ninguna persona menor de 13 a\u00f1os sin el consentimiento previo y verificable de los padres. En el caso de que FTUSA tenga conocimiento real de que ha recopilado dicha informaci\u00f3n personal sin el consentimiento paterno requerido y verificable, FTUSA eliminar\u00e1 esa informaci\u00f3n de su base de datos tan pronto como sea razonablemente posible.<\/p>\n<p><strong>POL\u00cdTICA DE PRIVACIDAD<\/strong><\/p>\n<p>En Fundaci\u00f3n TeletonUSA (en adelante, \u201cFTUSA\u201d), nos tomamos muy en serio su privacidad y queremos que se sienta c\u00f3modo visitando nuestro sitio web. Lea atentamente nuestra Pol\u00edtica de privacidad, para que comprenda exactamente qu\u00e9 informaci\u00f3n recopilamos sobre usted y c\u00f3mo buscamos proteger esa informaci\u00f3n. Consulte nuestra Pol\u00edtica en l\u00ednea y Avisos legales para obtener informaci\u00f3n adicional sobre el uso de este sitio web. FTUSA puede cambiar esta Pol\u00edtica de privacidad en cualquier momento publicando una Pol\u00edtica de privacidad modificada en nuestro sitio web. Si contin\u00faa viendo o usando este sitio web despu\u00e9s de la publicaci\u00f3n de cualquier cambio en esta Pol\u00edtica de privacidad, indicar\u00e1 que acepta estos cambios.<\/p>\n<p><strong>Recopilaci\u00f3n de informaci\u00f3n<\/strong><\/p>\n<p>La \u00fanica informaci\u00f3n que FTUSA obtiene sobre los visitantes individuales de su sitio web es la provista voluntariamente por los visitantes. Al acceder al sitio web, usted le otorga a FTUSA el derecho de transmitir, monitorear, recuperar, almacenar y usar su informaci\u00f3n en relaci\u00f3n con el funcionamiento del sitio web. Por ejemplo, utilizamos la informaci\u00f3n personal que nos proporciona cuando nos env\u00eda correos electr\u00f3nicos para responder a su correo electr\u00f3nico. Tenga en cuenta que el correo electr\u00f3nico no es un medio completamente seguro, y debe tomar las precauciones adecuadas al contactarnos para enviar informaci\u00f3n personal o confidencial.<\/p>\n<p><strong>Aviso de seguridad<\/strong><\/p>\n<p>Nos comprometemos con tomar precauciones para proteger su informaci\u00f3n. Para evitar el acceso o divulgaci\u00f3n no autorizados, hemos implementado salvaguardas para proteger la informaci\u00f3n que recopilamos en l\u00ednea. Utilizamos pr\u00e1cticas de cifrado para ayudar a proteger la integridad y la privacidad de la informaci\u00f3n personal que nos proporciona. Como precauci\u00f3n de seguridad adicional, toda la informaci\u00f3n personal se mantiene en servidores con firewalls que cumplen o exceden los est\u00e1ndares de la industria para evitar que los intrusos tengan acceso. Sin embargo, FTUSA advierte a los visitantes de sus sitios web que ninguna red, incluida Internet, es completamente segura. En consecuencia, no somos responsables de la p\u00e9rdida, el robo, el mal uso, la alteraci\u00f3n, la corrupci\u00f3n o la adquisici\u00f3n no autorizada de la informaci\u00f3n personal proporcionada a nuestro sitio web, ni de los da\u00f1os resultantes de dicha p\u00e9rdida, corrupci\u00f3n o adquisici\u00f3n no autorizada. Al utilizar este sitio web, usted comprende y reconoce que los datos y las comunicaciones, incluidos el correo electr\u00f3nico y otras comunicaciones electr\u00f3nicas, pueden ser accedidas por terceros no autorizados cuando se comunican por Internet.<\/p>\n<p><strong>Donativos<\/strong><\/p>\n<p>FTUSA actualmente usa PayPal, Transfirst y American Express para procesar donaciones. Cuando realiza una donaci\u00f3n a trav\u00e9s de cualquiera de estos tres mecanismos de procesamiento de tarjetas de cr\u00e9dito en el sitio web, PayPal, Transfirst y American Express env\u00edan, manejan y almacenan su informaci\u00f3n personal de acuerdo con sus propios T\u00e9rminos de uso y Pol\u00edticas de privacidad.<\/p>\n<p>El objetivo de FTUSA es forjar una asociaci\u00f3n a largo plazo con usted, y valoramos y apreciamos la confianza que acompa\u00f1a su donaci\u00f3n en l\u00ednea. Si realiza una donaci\u00f3n en l\u00ednea, FTUSA no vender\u00e1, alquilar\u00e1 ni intercambiar\u00e1 la informaci\u00f3n que proporcione en relaci\u00f3n con la donaci\u00f3n a un tercero.<\/p>\n<p><strong>Datos de contacto<\/strong><\/p>\n<p>Si tiene preguntas, comentarios o inquietudes sobre nuestra pol\u00edtica de privacidad, por favor p\u00f3ngase en contacto a trav\u00e9s de <a href=\"mailto:privacy@critusa.org\">privacy@critusa.org<\/a>.<\/p>\n\t\t\t\t\t<\/div>\n\t\t\t<\/div>\n\t<\/div>\n<\/section>\n","protected":false},"excerpt":{"rendered":"","protected":false},"author":5,"featured_media":0,"parent":0,"menu_order":0,"comment_status":"closed","ping_status":"closed","template":"page-templates\/interna.php","meta":{"pgc_sgb_lightbox_settings":"","footnotes":""},"yst_prominent_words":[],"acf":[],"_links":{"self":[{"href":"https:\/\/critusa.org\/es\/wp-json\/wp\/v2\/pages\/7741"}],"collection":[{"href":"https:\/\/critusa.org\/es\/wp-json\/wp\/v2\/pages"}],"about":[{"href":"https:\/\/critusa.org\/es\/wp-json\/wp\/v2\/types\/page"}],"author":[{"embeddable":true,"href":"https:\/\/critusa.org\/es\/wp-json\/wp\/v2\/users\/5"}],"replies":[{"embeddable":true,"href":"https:\/\/critusa.org\/es\/wp-json\/wp\/v2\/comments?post=7741"}],"version-history":[{"count":22,"href":"https:\/\/critusa.org\/es\/wp-json\/wp\/v2\/pages\/7741\/revisions"}],"predecessor-version":[{"id":17459,"href":"https:\/\/critusa.org\/es\/wp-json\/wp\/v2\/pages\/7741\/revisions\/17459"}],"wp:attachment":[{"href":"https:\/\/critusa.org\/es\/wp-json\/wp\/v2\/media?parent=7741"}],"wp:term":[{"taxonomy":"yst_prominent_words","embeddable":true,"href":"https:\/\/critusa.org\/es\/wp-json\/wp\/v2\/yst_prominent_words?post=7741"}],"curies":[{"name":"wp","href":"https:\/\/api.w.org\/{rel}","templated":true}]}}